{"id":1318,"date":"2026-01-13T10:42:48","date_gmt":"2026-01-13T10:42:48","guid":{"rendered":"https:\/\/staging.gipiservice.com\/?post_type=product&#038;p=1318"},"modified":"2026-01-13T10:42:51","modified_gmt":"2026-01-13T10:42:51","slug":"e-basic","status":"publish","type":"product","link":"https:\/\/gipiservice.com\/index.php\/prodotto\/e-basic\/","title":{"rendered":"\u00c8 Basic"},"content":{"rendered":"<p>\u00c8 BASIC \u00e8 un detergente fortemente alcalino indicato nella pulizia delle aziende alimentari ove si riscontri una forte presenza di morchia organica, sia vegetale che animale. Rimuove facilmente anche i residui grassi consistenti, lasciando le superfici in acciaio lucide e brillanti. Non \u00e8 corrosivo nei confronti di acciaio inox, gomma e plastica.<\/p>\n","protected":false},"excerpt":{"rendered":"<p>Detergente liquido ad alta alcalinit? per la pulizia a schiuma ancorata nell&#8217;industria alimentare<\/p>\n","protected":false},"featured_media":1262,"comment_status":"open","ping_status":"closed","template":"","meta":[],"product_brand":[],"product_cat":[288],"product_tag":[],"class_list":{"0":"post-1318","1":"product","2":"type-product","3":"status-publish","4":"has-post-thumbnail","6":"product_cat-detergenti-a-schiuma-ancorata","8":"first","9":"instock","10":"taxable","11":"shipping-taxable","12":"purchasable","13":"product-type-simple"},"yoast_head":"<!-- This site is optimized with the Yoast SEO plugin v26.8 - https:\/\/yoast.com\/product\/yoast-seo-wordpress\/ -->\n<title>Detergeente a schiuma ancorata ad alta alcalinit\u00e0<\/title>\n<meta name=\"description\" content=\"\u00c8 ACID: detergente acido a schiuma per rimuovere incrostazioni in industria alimentare. Non corroe acciaio, cromature e ceramica.\" \/>\n<meta name=\"robots\" content=\"index, follow, max-snippet:-1, max-image-preview:large, max-video-preview:-1\" \/>\n<link rel=\"canonical\" href=\"https:\/\/gipiservice.com\/index.php\/prodotto\/e-basic\/\" \/>\n<meta property=\"og:locale\" content=\"it_IT\" \/>\n<meta property=\"og:type\" content=\"article\" \/>\n<meta property=\"og:title\" content=\"Detergeente a schiuma ancorata ad alta alcalinit\u00e0\" \/>\n<meta property=\"og:description\" content=\"\u00c8 ACID: detergente acido a schiuma per rimuovere incrostazioni in industria alimentare. Non corroe acciaio, cromature e ceramica.\" \/>\n<meta property=\"og:url\" content=\"https:\/\/gipiservice.com\/index.php\/prodotto\/e-basic\/\" \/>\n<meta property=\"og:site_name\" content=\"Gi.Pi Service Prodotti e macchine per la pulizia professionale\" \/>\n<meta property=\"article:modified_time\" content=\"2026-01-13T10:42:51+00:00\" \/>\n<meta property=\"og:image\" content=\"https:\/\/gipiservice.com\/wp-content\/uploads\/2026\/01\/EBASIC.png\" \/>\n\t<meta property=\"og:image:width\" content=\"611\" \/>\n\t<meta property=\"og:image:height\" content=\"840\" \/>\n\t<meta property=\"og:image:type\" content=\"image\/png\" \/>\n<meta name=\"twitter:card\" content=\"summary_large_image\" \/>\n<meta name=\"twitter:label1\" content=\"Tempo di lettura stimato\" \/>\n\t<meta name=\"twitter:data1\" content=\"1 minuto\" \/>\n<script type=\"application\/ld+json\" class=\"yoast-schema-graph\">{\"@context\":\"https:\/\/schema.org\",\"@graph\":[{\"@type\":\"WebPage\",\"@id\":\"https:\/\/gipiservice.com\/index.php\/prodotto\/e-basic\/\",\"url\":\"https:\/\/gipiservice.com\/index.php\/prodotto\/e-basic\/\",\"name\":\"Detergeente a schiuma ancorata ad alta alcalinit\u00e0\",\"isPartOf\":{\"@id\":\"https:\/\/gipiservice.com\/#website\"},\"primaryImageOfPage\":{\"@id\":\"https:\/\/gipiservice.com\/index.php\/prodotto\/e-basic\/#primaryimage\"},\"image\":{\"@id\":\"https:\/\/gipiservice.com\/index.php\/prodotto\/e-basic\/#primaryimage\"},\"thumbnailUrl\":\"https:\/\/gipiservice.com\/wp-content\/uploads\/2026\/01\/EBASIC.png\",\"datePublished\":\"2026-01-13T10:42:48+00:00\",\"dateModified\":\"2026-01-13T10:42:51+00:00\",\"description\":\"\u00c8 ACID: detergente acido a schiuma per rimuovere incrostazioni in industria alimentare. Non corroe acciaio, cromature e ceramica.\",\"breadcrumb\":{\"@id\":\"https:\/\/gipiservice.com\/index.php\/prodotto\/e-basic\/#breadcrumb\"},\"inLanguage\":\"it-IT\",\"potentialAction\":[{\"@type\":\"ReadAction\",\"target\":[\"https:\/\/gipiservice.com\/index.php\/prodotto\/e-basic\/\"]}]},{\"@type\":\"ImageObject\",\"inLanguage\":\"it-IT\",\"@id\":\"https:\/\/gipiservice.com\/index.php\/prodotto\/e-basic\/#primaryimage\",\"url\":\"https:\/\/gipiservice.com\/wp-content\/uploads\/2026\/01\/EBASIC.png\",\"contentUrl\":\"https:\/\/gipiservice.com\/wp-content\/uploads\/2026\/01\/EBASIC.png\",\"width\":611,\"height\":840},{\"@type\":\"BreadcrumbList\",\"@id\":\"https:\/\/gipiservice.com\/index.php\/prodotto\/e-basic\/#breadcrumb\",\"itemListElement\":[{\"@type\":\"ListItem\",\"position\":1,\"name\":\"Home\",\"item\":\"https:\/\/gipiservice.com\/\"},{\"@type\":\"ListItem\",\"position\":2,\"name\":\"Shop\",\"item\":\"https:\/\/gipiservice.com\/index.php\/shop\/\"},{\"@type\":\"ListItem\",\"position\":3,\"name\":\"\u00c8 Basic\"}]},{\"@type\":\"WebSite\",\"@id\":\"https:\/\/gipiservice.com\/#website\",\"url\":\"https:\/\/gipiservice.com\/\",\"name\":\"Gi.Pi Service Prodotti e macchine per la pulizia professionale\",\"description\":\"\",\"publisher\":{\"@id\":\"https:\/\/gipiservice.com\/#organization\"},\"potentialAction\":[{\"@type\":\"SearchAction\",\"target\":{\"@type\":\"EntryPoint\",\"urlTemplate\":\"https:\/\/gipiservice.com\/?s={search_term_string}\"},\"query-input\":{\"@type\":\"PropertyValueSpecification\",\"valueRequired\":true,\"valueName\":\"search_term_string\"}}],\"inLanguage\":\"it-IT\"},{\"@type\":\"Organization\",\"@id\":\"https:\/\/gipiservice.com\/#organization\",\"name\":\"Gi.Pi Service Prodotti e macchine per la pulizia professionale\",\"url\":\"https:\/\/gipiservice.com\/\",\"logo\":{\"@type\":\"ImageObject\",\"inLanguage\":\"it-IT\",\"@id\":\"https:\/\/gipiservice.com\/#\/schema\/logo\/image\/\",\"url\":\"https:\/\/gipiservice.com\/wp-content\/uploads\/2026\/01\/cropped-gipi-service-logo.webp\",\"contentUrl\":\"https:\/\/gipiservice.com\/wp-content\/uploads\/2026\/01\/cropped-gipi-service-logo.webp\",\"width\":183,\"height\":84,\"caption\":\"Gi.Pi Service Prodotti e macchine per la pulizia professionale\"},\"image\":{\"@id\":\"https:\/\/gipiservice.com\/#\/schema\/logo\/image\/\"}}]}<\/script>\n<!-- \/ Yoast SEO plugin. -->","yoast_head_json":{"title":"Detergeente a schiuma ancorata ad alta alcalinit\u00e0","description":"\u00c8 ACID: detergente acido a schiuma per rimuovere incrostazioni in industria alimentare. Non corroe acciaio, cromature e ceramica.","robots":{"index":"index","follow":"follow","max-snippet":"max-snippet:-1","max-image-preview":"max-image-preview:large","max-video-preview":"max-video-preview:-1"},"canonical":"https:\/\/gipiservice.com\/index.php\/prodotto\/e-basic\/","og_locale":"it_IT","og_type":"article","og_title":"Detergeente a schiuma ancorata ad alta alcalinit\u00e0","og_description":"\u00c8 ACID: detergente acido a schiuma per rimuovere incrostazioni in industria alimentare. Non corroe acciaio, cromature e ceramica.","og_url":"https:\/\/gipiservice.com\/index.php\/prodotto\/e-basic\/","og_site_name":"Gi.Pi Service Prodotti e macchine per la pulizia professionale","article_modified_time":"2026-01-13T10:42:51+00:00","og_image":[{"width":611,"height":840,"url":"https:\/\/gipiservice.com\/wp-content\/uploads\/2026\/01\/EBASIC.png","type":"image\/png"}],"twitter_card":"summary_large_image","twitter_misc":{"Tempo di lettura stimato":"1 minuto"},"schema":{"@context":"https:\/\/schema.org","@graph":[{"@type":"WebPage","@id":"https:\/\/gipiservice.com\/index.php\/prodotto\/e-basic\/","url":"https:\/\/gipiservice.com\/index.php\/prodotto\/e-basic\/","name":"Detergeente a schiuma ancorata ad alta alcalinit\u00e0","isPartOf":{"@id":"https:\/\/gipiservice.com\/#website"},"primaryImageOfPage":{"@id":"https:\/\/gipiservice.com\/index.php\/prodotto\/e-basic\/#primaryimage"},"image":{"@id":"https:\/\/gipiservice.com\/index.php\/prodotto\/e-basic\/#primaryimage"},"thumbnailUrl":"https:\/\/gipiservice.com\/wp-content\/uploads\/2026\/01\/EBASIC.png","datePublished":"2026-01-13T10:42:48+00:00","dateModified":"2026-01-13T10:42:51+00:00","description":"\u00c8 ACID: detergente acido a schiuma per rimuovere incrostazioni in industria alimentare. Non corroe acciaio, cromature e ceramica.","breadcrumb":{"@id":"https:\/\/gipiservice.com\/index.php\/prodotto\/e-basic\/#breadcrumb"},"inLanguage":"it-IT","potentialAction":[{"@type":"ReadAction","target":["https:\/\/gipiservice.com\/index.php\/prodotto\/e-basic\/"]}]},{"@type":"ImageObject","inLanguage":"it-IT","@id":"https:\/\/gipiservice.com\/index.php\/prodotto\/e-basic\/#primaryimage","url":"https:\/\/gipiservice.com\/wp-content\/uploads\/2026\/01\/EBASIC.png","contentUrl":"https:\/\/gipiservice.com\/wp-content\/uploads\/2026\/01\/EBASIC.png","width":611,"height":840},{"@type":"BreadcrumbList","@id":"https:\/\/gipiservice.com\/index.php\/prodotto\/e-basic\/#breadcrumb","itemListElement":[{"@type":"ListItem","position":1,"name":"Home","item":"https:\/\/gipiservice.com\/"},{"@type":"ListItem","position":2,"name":"Shop","item":"https:\/\/gipiservice.com\/index.php\/shop\/"},{"@type":"ListItem","position":3,"name":"\u00c8 Basic"}]},{"@type":"WebSite","@id":"https:\/\/gipiservice.com\/#website","url":"https:\/\/gipiservice.com\/","name":"Gi.Pi Service Prodotti e macchine per la pulizia professionale","description":"","publisher":{"@id":"https:\/\/gipiservice.com\/#organization"},"potentialAction":[{"@type":"SearchAction","target":{"@type":"EntryPoint","urlTemplate":"https:\/\/gipiservice.com\/?s={search_term_string}"},"query-input":{"@type":"PropertyValueSpecification","valueRequired":true,"valueName":"search_term_string"}}],"inLanguage":"it-IT"},{"@type":"Organization","@id":"https:\/\/gipiservice.com\/#organization","name":"Gi.Pi Service Prodotti e macchine per la pulizia professionale","url":"https:\/\/gipiservice.com\/","logo":{"@type":"ImageObject","inLanguage":"it-IT","@id":"https:\/\/gipiservice.com\/#\/schema\/logo\/image\/","url":"https:\/\/gipiservice.com\/wp-content\/uploads\/2026\/01\/cropped-gipi-service-logo.webp","contentUrl":"https:\/\/gipiservice.com\/wp-content\/uploads\/2026\/01\/cropped-gipi-service-logo.webp","width":183,"height":84,"caption":"Gi.Pi Service Prodotti e macchine per la pulizia professionale"},"image":{"@id":"https:\/\/gipiservice.com\/#\/schema\/logo\/image\/"}}]}},"jetpack_sharing_enabled":true,"_links":{"self":[{"href":"https:\/\/gipiservice.com\/index.php\/wp-json\/wp\/v2\/product\/1318","targetHints":{"allow":["GET"]}}],"collection":[{"href":"https:\/\/gipiservice.com\/index.php\/wp-json\/wp\/v2\/product"}],"about":[{"href":"https:\/\/gipiservice.com\/index.php\/wp-json\/wp\/v2\/types\/product"}],"replies":[{"embeddable":true,"href":"https:\/\/gipiservice.com\/index.php\/wp-json\/wp\/v2\/comments?post=1318"}],"wp:featuredmedia":[{"embeddable":true,"href":"https:\/\/gipiservice.com\/index.php\/wp-json\/wp\/v2\/media\/1262"}],"wp:attachment":[{"href":"https:\/\/gipiservice.com\/index.php\/wp-json\/wp\/v2\/media?parent=1318"}],"wp:term":[{"taxonomy":"product_brand","embeddable":true,"href":"https:\/\/gipiservice.com\/index.php\/wp-json\/wp\/v2\/product_brand?post=1318"},{"taxonomy":"product_cat","embeddable":true,"href":"https:\/\/gipiservice.com\/index.php\/wp-json\/wp\/v2\/product_cat?post=1318"},{"taxonomy":"product_tag","embeddable":true,"href":"https:\/\/gipiservice.com\/index.php\/wp-json\/wp\/v2\/product_tag?post=1318"}],"curies":[{"name":"wp","href":"https:\/\/api.w.org\/{rel}","templated":true}]}}