{"id":1322,"date":"2026-01-13T10:42:49","date_gmt":"2026-01-13T10:42:49","guid":{"rendered":"https:\/\/staging.gipiservice.com\/?post_type=product&#038;p=1322"},"modified":"2026-01-13T10:42:52","modified_gmt":"2026-01-13T10:42:52","slug":"tac-clean","status":"publish","type":"product","link":"https:\/\/gipiservice.com\/index.php\/prodotto\/tac-clean\/","title":{"rendered":"Tac Clean"},"content":{"rendered":"<div class=\"flex flex-grow flex-col max-w-full gap-3 gizmo:gap-0\">\n<div class=\"min-h-[20px] text-message flex flex-col items-start gap-3 whitespace-pre-wrap break-words [.text-message+&amp;]:mt-5 overflow-x-auto\" data-message-author-role=\"assistant\" data-message-id=\"4a2c7962-4d13-4cd3-a1ce-dfd0f31a1d3a\">\n<div class=\"markdown prose w-full break-words dark:prose-invert light\">\n<p>TAC CLEAN \u00e8 un detergente versatile progettato per la pulizia efficace delle superfici industriali alimentari. La sua formulazione a schiuma ancorata offre una copertura uniforme, facilitando la rimozione dello sporco da pareti, attrezzature e superfici piane in acciaio. Con una media alcalinit\u00e0, si integra perfettamente con additivi disinfettanti, creando un sistema completo per l&#8217;industria alimentare.<\/p>\n<p>Questo detergente \u00e8 delicato sulle superfici in acciaio inox, gomma e plastiche, garantendo una pulizia approfondita senza danneggiare i materiali. Tuttavia, \u00e8 importante notare che pu\u00f2 essere corrosivo su alluminio e acciaio zincato, quindi \u00e8 consigliabile utilizzarlo con cautela su queste superfici.<\/p>\n<p>Grazie alla sua azione sbiancante e sgrassante, TAC CLEAN contribuisce a mantenere un ambiente igienico e conforme agli standard richiesti nell&#8217;industria alimentare. La sua schiuma ancorata assicura un contatto prolungato con le superfici trattate, ottimizzando l&#8217;efficacia del detergente.<\/p>\n<p>Il prodotto \u00e8 adatto per una variet\u00e0 di applicazioni, comprese le pareti e le attrezzature nelle strutture alimentari. Tuttavia, \u00e8 fondamentale seguire attentamente le istruzioni d&#8217;uso e considerare le specifiche delle superfici da pulire per massimizzare i risultati. Con TAC CLEAN, si ha a disposizione un detergente affidabile progettato per soddisfare le esigenze di pulizia e igienizzazione nell&#8217;industria alimentare, contribuendo a garantire la sicurezza e la conformit\u00e0 agli standard igienici richiesti.<\/p>\n<\/div>\n<\/div>\n<\/div>\n","protected":false},"excerpt":{"rendered":"<p>Detergente per la pulizia a schiuma ancorata delle superfici nell&#8217;industria alimentare<\/p>\n","protected":false},"featured_media":1266,"comment_status":"open","ping_status":"closed","template":"","meta":[],"product_brand":[],"product_cat":[288],"product_tag":[],"class_list":{"0":"post-1322","1":"product","2":"type-product","3":"status-publish","4":"has-post-thumbnail","6":"product_cat-detergenti-a-schiuma-ancorata","8":"first","9":"instock","10":"taxable","11":"shipping-taxable","12":"purchasable","13":"product-type-simple"},"yoast_head":"<!-- This site is optimized with the Yoast SEO plugin v26.8 - https:\/\/yoast.com\/product\/yoast-seo-wordpress\/ -->\n<title>tac clean Detergente schiumogeno per industria alimentare<\/title>\n<meta name=\"description\" content=\"tac clean Detergente per la pulizia a schiuma ancorata delle superfici nell&#039;industria alimentare. Non intacca acciaio inox, gomma e plastiche.\" \/>\n<meta name=\"robots\" content=\"index, follow, max-snippet:-1, max-image-preview:large, max-video-preview:-1\" \/>\n<link rel=\"canonical\" href=\"https:\/\/gipiservice.com\/index.php\/prodotto\/tac-clean\/\" \/>\n<meta property=\"og:locale\" content=\"it_IT\" \/>\n<meta property=\"og:type\" content=\"article\" \/>\n<meta property=\"og:title\" content=\"tac clean Detergente schiumogeno per industria alimentare\" \/>\n<meta property=\"og:description\" content=\"tac clean Detergente per la pulizia a schiuma ancorata delle superfici nell&#039;industria alimentare. Non intacca acciaio inox, gomma e plastiche.\" \/>\n<meta property=\"og:url\" content=\"https:\/\/gipiservice.com\/index.php\/prodotto\/tac-clean\/\" \/>\n<meta property=\"og:site_name\" content=\"Gi.Pi Service Prodotti e macchine per la pulizia professionale\" \/>\n<meta property=\"article:modified_time\" content=\"2026-01-13T10:42:52+00:00\" \/>\n<meta property=\"og:image\" content=\"https:\/\/gipiservice.com\/wp-content\/uploads\/2026\/01\/TAC-CLEAN.png\" \/>\n\t<meta property=\"og:image:width\" content=\"400\" \/>\n\t<meta property=\"og:image:height\" content=\"550\" \/>\n\t<meta property=\"og:image:type\" content=\"image\/png\" \/>\n<meta name=\"twitter:card\" content=\"summary_large_image\" \/>\n<meta name=\"twitter:label1\" content=\"Tempo di lettura stimato\" \/>\n\t<meta name=\"twitter:data1\" content=\"2 minuti\" \/>\n<script type=\"application\/ld+json\" class=\"yoast-schema-graph\">{\"@context\":\"https:\/\/schema.org\",\"@graph\":[{\"@type\":\"WebPage\",\"@id\":\"https:\/\/gipiservice.com\/index.php\/prodotto\/tac-clean\/\",\"url\":\"https:\/\/gipiservice.com\/index.php\/prodotto\/tac-clean\/\",\"name\":\"tac clean Detergente schiumogeno per industria alimentare\",\"isPartOf\":{\"@id\":\"https:\/\/gipiservice.com\/#website\"},\"primaryImageOfPage\":{\"@id\":\"https:\/\/gipiservice.com\/index.php\/prodotto\/tac-clean\/#primaryimage\"},\"image\":{\"@id\":\"https:\/\/gipiservice.com\/index.php\/prodotto\/tac-clean\/#primaryimage\"},\"thumbnailUrl\":\"https:\/\/gipiservice.com\/wp-content\/uploads\/2026\/01\/TAC-CLEAN.png\",\"datePublished\":\"2026-01-13T10:42:49+00:00\",\"dateModified\":\"2026-01-13T10:42:52+00:00\",\"description\":\"tac clean Detergente per la pulizia a schiuma ancorata delle superfici nell'industria alimentare. Non intacca acciaio inox, gomma e plastiche.\",\"breadcrumb\":{\"@id\":\"https:\/\/gipiservice.com\/index.php\/prodotto\/tac-clean\/#breadcrumb\"},\"inLanguage\":\"it-IT\",\"potentialAction\":[{\"@type\":\"ReadAction\",\"target\":[\"https:\/\/gipiservice.com\/index.php\/prodotto\/tac-clean\/\"]}]},{\"@type\":\"ImageObject\",\"inLanguage\":\"it-IT\",\"@id\":\"https:\/\/gipiservice.com\/index.php\/prodotto\/tac-clean\/#primaryimage\",\"url\":\"https:\/\/gipiservice.com\/wp-content\/uploads\/2026\/01\/TAC-CLEAN.png\",\"contentUrl\":\"https:\/\/gipiservice.com\/wp-content\/uploads\/2026\/01\/TAC-CLEAN.png\",\"width\":400,\"height\":550},{\"@type\":\"BreadcrumbList\",\"@id\":\"https:\/\/gipiservice.com\/index.php\/prodotto\/tac-clean\/#breadcrumb\",\"itemListElement\":[{\"@type\":\"ListItem\",\"position\":1,\"name\":\"Home\",\"item\":\"https:\/\/gipiservice.com\/\"},{\"@type\":\"ListItem\",\"position\":2,\"name\":\"Shop\",\"item\":\"https:\/\/gipiservice.com\/index.php\/shop\/\"},{\"@type\":\"ListItem\",\"position\":3,\"name\":\"Tac Clean\"}]},{\"@type\":\"WebSite\",\"@id\":\"https:\/\/gipiservice.com\/#website\",\"url\":\"https:\/\/gipiservice.com\/\",\"name\":\"Gi.Pi Service Prodotti e macchine per la pulizia professionale\",\"description\":\"\",\"publisher\":{\"@id\":\"https:\/\/gipiservice.com\/#organization\"},\"potentialAction\":[{\"@type\":\"SearchAction\",\"target\":{\"@type\":\"EntryPoint\",\"urlTemplate\":\"https:\/\/gipiservice.com\/?s={search_term_string}\"},\"query-input\":{\"@type\":\"PropertyValueSpecification\",\"valueRequired\":true,\"valueName\":\"search_term_string\"}}],\"inLanguage\":\"it-IT\"},{\"@type\":\"Organization\",\"@id\":\"https:\/\/gipiservice.com\/#organization\",\"name\":\"Gi.Pi Service Prodotti e macchine per la pulizia professionale\",\"url\":\"https:\/\/gipiservice.com\/\",\"logo\":{\"@type\":\"ImageObject\",\"inLanguage\":\"it-IT\",\"@id\":\"https:\/\/gipiservice.com\/#\/schema\/logo\/image\/\",\"url\":\"https:\/\/gipiservice.com\/wp-content\/uploads\/2026\/01\/cropped-gipi-service-logo.webp\",\"contentUrl\":\"https:\/\/gipiservice.com\/wp-content\/uploads\/2026\/01\/cropped-gipi-service-logo.webp\",\"width\":183,\"height\":84,\"caption\":\"Gi.Pi Service Prodotti e macchine per la pulizia professionale\"},\"image\":{\"@id\":\"https:\/\/gipiservice.com\/#\/schema\/logo\/image\/\"}}]}<\/script>\n<!-- \/ Yoast SEO plugin. -->","yoast_head_json":{"title":"tac clean Detergente schiumogeno per industria alimentare","description":"tac clean Detergente per la pulizia a schiuma ancorata delle superfici nell'industria alimentare. Non intacca acciaio inox, gomma e plastiche.","robots":{"index":"index","follow":"follow","max-snippet":"max-snippet:-1","max-image-preview":"max-image-preview:large","max-video-preview":"max-video-preview:-1"},"canonical":"https:\/\/gipiservice.com\/index.php\/prodotto\/tac-clean\/","og_locale":"it_IT","og_type":"article","og_title":"tac clean Detergente schiumogeno per industria alimentare","og_description":"tac clean Detergente per la pulizia a schiuma ancorata delle superfici nell'industria alimentare. Non intacca acciaio inox, gomma e plastiche.","og_url":"https:\/\/gipiservice.com\/index.php\/prodotto\/tac-clean\/","og_site_name":"Gi.Pi Service Prodotti e macchine per la pulizia professionale","article_modified_time":"2026-01-13T10:42:52+00:00","og_image":[{"width":400,"height":550,"url":"https:\/\/gipiservice.com\/wp-content\/uploads\/2026\/01\/TAC-CLEAN.png","type":"image\/png"}],"twitter_card":"summary_large_image","twitter_misc":{"Tempo di lettura stimato":"2 minuti"},"schema":{"@context":"https:\/\/schema.org","@graph":[{"@type":"WebPage","@id":"https:\/\/gipiservice.com\/index.php\/prodotto\/tac-clean\/","url":"https:\/\/gipiservice.com\/index.php\/prodotto\/tac-clean\/","name":"tac clean Detergente schiumogeno per industria alimentare","isPartOf":{"@id":"https:\/\/gipiservice.com\/#website"},"primaryImageOfPage":{"@id":"https:\/\/gipiservice.com\/index.php\/prodotto\/tac-clean\/#primaryimage"},"image":{"@id":"https:\/\/gipiservice.com\/index.php\/prodotto\/tac-clean\/#primaryimage"},"thumbnailUrl":"https:\/\/gipiservice.com\/wp-content\/uploads\/2026\/01\/TAC-CLEAN.png","datePublished":"2026-01-13T10:42:49+00:00","dateModified":"2026-01-13T10:42:52+00:00","description":"tac clean Detergente per la pulizia a schiuma ancorata delle superfici nell'industria alimentare. Non intacca acciaio inox, gomma e plastiche.","breadcrumb":{"@id":"https:\/\/gipiservice.com\/index.php\/prodotto\/tac-clean\/#breadcrumb"},"inLanguage":"it-IT","potentialAction":[{"@type":"ReadAction","target":["https:\/\/gipiservice.com\/index.php\/prodotto\/tac-clean\/"]}]},{"@type":"ImageObject","inLanguage":"it-IT","@id":"https:\/\/gipiservice.com\/index.php\/prodotto\/tac-clean\/#primaryimage","url":"https:\/\/gipiservice.com\/wp-content\/uploads\/2026\/01\/TAC-CLEAN.png","contentUrl":"https:\/\/gipiservice.com\/wp-content\/uploads\/2026\/01\/TAC-CLEAN.png","width":400,"height":550},{"@type":"BreadcrumbList","@id":"https:\/\/gipiservice.com\/index.php\/prodotto\/tac-clean\/#breadcrumb","itemListElement":[{"@type":"ListItem","position":1,"name":"Home","item":"https:\/\/gipiservice.com\/"},{"@type":"ListItem","position":2,"name":"Shop","item":"https:\/\/gipiservice.com\/index.php\/shop\/"},{"@type":"ListItem","position":3,"name":"Tac Clean"}]},{"@type":"WebSite","@id":"https:\/\/gipiservice.com\/#website","url":"https:\/\/gipiservice.com\/","name":"Gi.Pi Service Prodotti e macchine per la pulizia professionale","description":"","publisher":{"@id":"https:\/\/gipiservice.com\/#organization"},"potentialAction":[{"@type":"SearchAction","target":{"@type":"EntryPoint","urlTemplate":"https:\/\/gipiservice.com\/?s={search_term_string}"},"query-input":{"@type":"PropertyValueSpecification","valueRequired":true,"valueName":"search_term_string"}}],"inLanguage":"it-IT"},{"@type":"Organization","@id":"https:\/\/gipiservice.com\/#organization","name":"Gi.Pi Service Prodotti e macchine per la pulizia professionale","url":"https:\/\/gipiservice.com\/","logo":{"@type":"ImageObject","inLanguage":"it-IT","@id":"https:\/\/gipiservice.com\/#\/schema\/logo\/image\/","url":"https:\/\/gipiservice.com\/wp-content\/uploads\/2026\/01\/cropped-gipi-service-logo.webp","contentUrl":"https:\/\/gipiservice.com\/wp-content\/uploads\/2026\/01\/cropped-gipi-service-logo.webp","width":183,"height":84,"caption":"Gi.Pi Service Prodotti e macchine per la pulizia professionale"},"image":{"@id":"https:\/\/gipiservice.com\/#\/schema\/logo\/image\/"}}]}},"jetpack_sharing_enabled":true,"_links":{"self":[{"href":"https:\/\/gipiservice.com\/index.php\/wp-json\/wp\/v2\/product\/1322","targetHints":{"allow":["GET"]}}],"collection":[{"href":"https:\/\/gipiservice.com\/index.php\/wp-json\/wp\/v2\/product"}],"about":[{"href":"https:\/\/gipiservice.com\/index.php\/wp-json\/wp\/v2\/types\/product"}],"replies":[{"embeddable":true,"href":"https:\/\/gipiservice.com\/index.php\/wp-json\/wp\/v2\/comments?post=1322"}],"wp:featuredmedia":[{"embeddable":true,"href":"https:\/\/gipiservice.com\/index.php\/wp-json\/wp\/v2\/media\/1266"}],"wp:attachment":[{"href":"https:\/\/gipiservice.com\/index.php\/wp-json\/wp\/v2\/media?parent=1322"}],"wp:term":[{"taxonomy":"product_brand","embeddable":true,"href":"https:\/\/gipiservice.com\/index.php\/wp-json\/wp\/v2\/product_brand?post=1322"},{"taxonomy":"product_cat","embeddable":true,"href":"https:\/\/gipiservice.com\/index.php\/wp-json\/wp\/v2\/product_cat?post=1322"},{"taxonomy":"product_tag","embeddable":true,"href":"https:\/\/gipiservice.com\/index.php\/wp-json\/wp\/v2\/product_tag?post=1322"}],"curies":[{"name":"wp","href":"https:\/\/api.w.org\/{rel}","templated":true}]}}