{"id":1411,"date":"2026-01-13T10:44:25","date_gmt":"2026-01-13T10:44:25","guid":{"rendered":"https:\/\/staging.gipiservice.com\/?post_type=product&#038;p=1411"},"modified":"2026-01-13T10:44:34","modified_gmt":"2026-01-13T10:44:34","slug":"kimsol","status":"publish","type":"product","link":"https:\/\/gipiservice.com\/index.php\/prodotto\/kimsol\/","title":{"rendered":"Kimsol"},"content":{"rendered":"<p>KIMSOL \u00e8 sgrassante solvente concentrato versatile ad azione sgrassante formulato per la pulizia di varie superfici dure, compresi arredi, porte verniciate, infissi e accessori in alluminio. La sua versatilit\u00e0 lo rende adatto sia per la manutenzione regolare che per interventi di pulizia straordinaria.<\/p>\n<p>Grazie alla sua azione sgrassante efficace, KIMSOL \u00e8 in grado di rimuovere lo sporco ostinato e le impurit\u00e0 dalle superfici trattate. \u00c8 ideale per eliminare grasso, residui di cibo, macchie di sporco e altre incrostazioni comuni su una vasta gamma di superfici.<\/p>\n<p>La sua flessibilit\u00e0 di impiego \u00e8 evidente anche nella sua capacit\u00e0 di adattarsi a diverse concentrazioni. In concentrazioni pi\u00f9 elevate, ha un effetto decerante, agendo efficacemente sulla rimozione di depositi pi\u00f9 resistenti. D&#8217;altra parte, a basse concentrazioni, pu\u00f2 essere utilizzato senza la necessit\u00e0 di risciacquo, offrendo comodit\u00e0 e facilit\u00e0 d&#8217;uso, oltre a un risparmio di tempo notevole.<\/p>\n<p>L&#8217;efficacia di KIMSOL non compromette la sicurezza delle superfici trattate. Anche se potente nella rimozione dello sporco, \u00e8 delicato sulle superfici, preservandone l&#8217;integrit\u00e0 e il loro stato originale. Questa caratteristica lo rende un alleato prezioso per mantenere la pulizia senza compromettere la qualit\u00e0 delle superfici trattate.<\/p>\n<p>La sua formula avanzata lo rende un prodotto affidabile per varie esigenze di pulizia industriale o domestica. La sua azione sgrassante di qualit\u00e0 superiore lo rende ideale per la rimozione di residui di sporco ostinati, offrendo una soluzione efficace e conveniente per mantenere le superfici impeccabili.<\/p>\n<p>In sintesi, KIMSOL rappresenta un detergente ad alta performance, adattabile a diverse concentrazioni e superfici, garantendo una pulizia profonda, risparmio di tempo e una pulizia senza residui, il tutto con un&#8217;attenzione particolare alla preservazione delle superfici trattate.<\/p>\n","protected":false},"excerpt":{"rendered":"<p>Sgrassante solvente concentrato<\/p>\n","protected":false},"featured_media":1425,"comment_status":"open","ping_status":"closed","template":"","meta":[],"product_brand":[],"product_cat":[280,144],"product_tag":[],"class_list":{"0":"post-1411","1":"product","2":"type-product","3":"status-publish","4":"has-post-thumbnail","6":"product_cat-manutenzione-pavimenti-pavimenti","7":"product_cat-sgrassanti","9":"first","10":"instock","11":"taxable","12":"shipping-taxable","13":"purchasable","14":"product-type-simple"},"yoast_head":"<!-- This site is optimized with the Yoast SEO plugin v26.8 - https:\/\/yoast.com\/product\/yoast-seo-wordpress\/ -->\n<title>Sgrassante solvente concentrato<\/title>\n<meta name=\"description\" content=\"KIMSOL: Sgrassante solvente concentrato per pulire superfici dure. Rimuove sporco ostinato senza compromettere l&#039;integrit\u00e0 delle superfici.\" \/>\n<meta name=\"robots\" content=\"index, follow, max-snippet:-1, max-image-preview:large, max-video-preview:-1\" \/>\n<link rel=\"canonical\" href=\"https:\/\/gipiservice.com\/index.php\/prodotto\/kimsol\/\" \/>\n<meta property=\"og:locale\" content=\"it_IT\" \/>\n<meta property=\"og:type\" content=\"article\" \/>\n<meta property=\"og:title\" content=\"Sgrassante solvente concentrato\" \/>\n<meta property=\"og:description\" content=\"KIMSOL: Sgrassante solvente concentrato per pulire superfici dure. Rimuove sporco ostinato senza compromettere l&#039;integrit\u00e0 delle superfici.\" \/>\n<meta property=\"og:url\" content=\"https:\/\/gipiservice.com\/index.php\/prodotto\/kimsol\/\" \/>\n<meta property=\"og:site_name\" content=\"Gi.Pi Service Prodotti e macchine per la pulizia professionale\" \/>\n<meta property=\"article:modified_time\" content=\"2026-01-13T10:44:34+00:00\" \/>\n<meta property=\"og:image\" content=\"https:\/\/gipiservice.com\/wp-content\/uploads\/2026\/01\/KIMSOL-.png\" \/>\n\t<meta property=\"og:image:width\" content=\"611\" \/>\n\t<meta property=\"og:image:height\" content=\"839\" \/>\n\t<meta property=\"og:image:type\" content=\"image\/png\" \/>\n<meta name=\"twitter:card\" content=\"summary_large_image\" \/>\n<meta name=\"twitter:label1\" content=\"Tempo di lettura stimato\" \/>\n\t<meta name=\"twitter:data1\" content=\"2 minuti\" \/>\n<script type=\"application\/ld+json\" class=\"yoast-schema-graph\">{\"@context\":\"https:\/\/schema.org\",\"@graph\":[{\"@type\":\"WebPage\",\"@id\":\"https:\/\/gipiservice.com\/index.php\/prodotto\/kimsol\/\",\"url\":\"https:\/\/gipiservice.com\/index.php\/prodotto\/kimsol\/\",\"name\":\"Sgrassante solvente concentrato\",\"isPartOf\":{\"@id\":\"https:\/\/gipiservice.com\/#website\"},\"primaryImageOfPage\":{\"@id\":\"https:\/\/gipiservice.com\/index.php\/prodotto\/kimsol\/#primaryimage\"},\"image\":{\"@id\":\"https:\/\/gipiservice.com\/index.php\/prodotto\/kimsol\/#primaryimage\"},\"thumbnailUrl\":\"https:\/\/gipiservice.com\/wp-content\/uploads\/2026\/01\/KIMSOL-.png\",\"datePublished\":\"2026-01-13T10:44:25+00:00\",\"dateModified\":\"2026-01-13T10:44:34+00:00\",\"description\":\"KIMSOL: Sgrassante solvente concentrato per pulire superfici dure. Rimuove sporco ostinato senza compromettere l'integrit\u00e0 delle superfici.\",\"breadcrumb\":{\"@id\":\"https:\/\/gipiservice.com\/index.php\/prodotto\/kimsol\/#breadcrumb\"},\"inLanguage\":\"it-IT\",\"potentialAction\":[{\"@type\":\"ReadAction\",\"target\":[\"https:\/\/gipiservice.com\/index.php\/prodotto\/kimsol\/\"]}]},{\"@type\":\"ImageObject\",\"inLanguage\":\"it-IT\",\"@id\":\"https:\/\/gipiservice.com\/index.php\/prodotto\/kimsol\/#primaryimage\",\"url\":\"https:\/\/gipiservice.com\/wp-content\/uploads\/2026\/01\/KIMSOL-.png\",\"contentUrl\":\"https:\/\/gipiservice.com\/wp-content\/uploads\/2026\/01\/KIMSOL-.png\",\"width\":611,\"height\":839},{\"@type\":\"BreadcrumbList\",\"@id\":\"https:\/\/gipiservice.com\/index.php\/prodotto\/kimsol\/#breadcrumb\",\"itemListElement\":[{\"@type\":\"ListItem\",\"position\":1,\"name\":\"Home\",\"item\":\"https:\/\/gipiservice.com\/\"},{\"@type\":\"ListItem\",\"position\":2,\"name\":\"Shop\",\"item\":\"https:\/\/gipiservice.com\/index.php\/shop\/\"},{\"@type\":\"ListItem\",\"position\":3,\"name\":\"Kimsol\"}]},{\"@type\":\"WebSite\",\"@id\":\"https:\/\/gipiservice.com\/#website\",\"url\":\"https:\/\/gipiservice.com\/\",\"name\":\"Gi.Pi Service Prodotti e macchine per la pulizia professionale\",\"description\":\"\",\"publisher\":{\"@id\":\"https:\/\/gipiservice.com\/#organization\"},\"potentialAction\":[{\"@type\":\"SearchAction\",\"target\":{\"@type\":\"EntryPoint\",\"urlTemplate\":\"https:\/\/gipiservice.com\/?s={search_term_string}\"},\"query-input\":{\"@type\":\"PropertyValueSpecification\",\"valueRequired\":true,\"valueName\":\"search_term_string\"}}],\"inLanguage\":\"it-IT\"},{\"@type\":\"Organization\",\"@id\":\"https:\/\/gipiservice.com\/#organization\",\"name\":\"Gi.Pi Service Prodotti e macchine per la pulizia professionale\",\"url\":\"https:\/\/gipiservice.com\/\",\"logo\":{\"@type\":\"ImageObject\",\"inLanguage\":\"it-IT\",\"@id\":\"https:\/\/gipiservice.com\/#\/schema\/logo\/image\/\",\"url\":\"https:\/\/gipiservice.com\/wp-content\/uploads\/2026\/01\/cropped-gipi-service-logo.webp\",\"contentUrl\":\"https:\/\/gipiservice.com\/wp-content\/uploads\/2026\/01\/cropped-gipi-service-logo.webp\",\"width\":183,\"height\":84,\"caption\":\"Gi.Pi Service Prodotti e macchine per la pulizia professionale\"},\"image\":{\"@id\":\"https:\/\/gipiservice.com\/#\/schema\/logo\/image\/\"}}]}<\/script>\n<!-- \/ Yoast SEO plugin. -->","yoast_head_json":{"title":"Sgrassante solvente concentrato","description":"KIMSOL: Sgrassante solvente concentrato per pulire superfici dure. Rimuove sporco ostinato senza compromettere l'integrit\u00e0 delle superfici.","robots":{"index":"index","follow":"follow","max-snippet":"max-snippet:-1","max-image-preview":"max-image-preview:large","max-video-preview":"max-video-preview:-1"},"canonical":"https:\/\/gipiservice.com\/index.php\/prodotto\/kimsol\/","og_locale":"it_IT","og_type":"article","og_title":"Sgrassante solvente concentrato","og_description":"KIMSOL: Sgrassante solvente concentrato per pulire superfici dure. Rimuove sporco ostinato senza compromettere l'integrit\u00e0 delle superfici.","og_url":"https:\/\/gipiservice.com\/index.php\/prodotto\/kimsol\/","og_site_name":"Gi.Pi Service Prodotti e macchine per la pulizia professionale","article_modified_time":"2026-01-13T10:44:34+00:00","og_image":[{"width":611,"height":839,"url":"https:\/\/gipiservice.com\/wp-content\/uploads\/2026\/01\/KIMSOL-.png","type":"image\/png"}],"twitter_card":"summary_large_image","twitter_misc":{"Tempo di lettura stimato":"2 minuti"},"schema":{"@context":"https:\/\/schema.org","@graph":[{"@type":"WebPage","@id":"https:\/\/gipiservice.com\/index.php\/prodotto\/kimsol\/","url":"https:\/\/gipiservice.com\/index.php\/prodotto\/kimsol\/","name":"Sgrassante solvente concentrato","isPartOf":{"@id":"https:\/\/gipiservice.com\/#website"},"primaryImageOfPage":{"@id":"https:\/\/gipiservice.com\/index.php\/prodotto\/kimsol\/#primaryimage"},"image":{"@id":"https:\/\/gipiservice.com\/index.php\/prodotto\/kimsol\/#primaryimage"},"thumbnailUrl":"https:\/\/gipiservice.com\/wp-content\/uploads\/2026\/01\/KIMSOL-.png","datePublished":"2026-01-13T10:44:25+00:00","dateModified":"2026-01-13T10:44:34+00:00","description":"KIMSOL: Sgrassante solvente concentrato per pulire superfici dure. Rimuove sporco ostinato senza compromettere l'integrit\u00e0 delle superfici.","breadcrumb":{"@id":"https:\/\/gipiservice.com\/index.php\/prodotto\/kimsol\/#breadcrumb"},"inLanguage":"it-IT","potentialAction":[{"@type":"ReadAction","target":["https:\/\/gipiservice.com\/index.php\/prodotto\/kimsol\/"]}]},{"@type":"ImageObject","inLanguage":"it-IT","@id":"https:\/\/gipiservice.com\/index.php\/prodotto\/kimsol\/#primaryimage","url":"https:\/\/gipiservice.com\/wp-content\/uploads\/2026\/01\/KIMSOL-.png","contentUrl":"https:\/\/gipiservice.com\/wp-content\/uploads\/2026\/01\/KIMSOL-.png","width":611,"height":839},{"@type":"BreadcrumbList","@id":"https:\/\/gipiservice.com\/index.php\/prodotto\/kimsol\/#breadcrumb","itemListElement":[{"@type":"ListItem","position":1,"name":"Home","item":"https:\/\/gipiservice.com\/"},{"@type":"ListItem","position":2,"name":"Shop","item":"https:\/\/gipiservice.com\/index.php\/shop\/"},{"@type":"ListItem","position":3,"name":"Kimsol"}]},{"@type":"WebSite","@id":"https:\/\/gipiservice.com\/#website","url":"https:\/\/gipiservice.com\/","name":"Gi.Pi Service Prodotti e macchine per la pulizia professionale","description":"","publisher":{"@id":"https:\/\/gipiservice.com\/#organization"},"potentialAction":[{"@type":"SearchAction","target":{"@type":"EntryPoint","urlTemplate":"https:\/\/gipiservice.com\/?s={search_term_string}"},"query-input":{"@type":"PropertyValueSpecification","valueRequired":true,"valueName":"search_term_string"}}],"inLanguage":"it-IT"},{"@type":"Organization","@id":"https:\/\/gipiservice.com\/#organization","name":"Gi.Pi Service Prodotti e macchine per la pulizia professionale","url":"https:\/\/gipiservice.com\/","logo":{"@type":"ImageObject","inLanguage":"it-IT","@id":"https:\/\/gipiservice.com\/#\/schema\/logo\/image\/","url":"https:\/\/gipiservice.com\/wp-content\/uploads\/2026\/01\/cropped-gipi-service-logo.webp","contentUrl":"https:\/\/gipiservice.com\/wp-content\/uploads\/2026\/01\/cropped-gipi-service-logo.webp","width":183,"height":84,"caption":"Gi.Pi Service Prodotti e macchine per la pulizia professionale"},"image":{"@id":"https:\/\/gipiservice.com\/#\/schema\/logo\/image\/"}}]}},"jetpack_sharing_enabled":true,"_links":{"self":[{"href":"https:\/\/gipiservice.com\/index.php\/wp-json\/wp\/v2\/product\/1411","targetHints":{"allow":["GET"]}}],"collection":[{"href":"https:\/\/gipiservice.com\/index.php\/wp-json\/wp\/v2\/product"}],"about":[{"href":"https:\/\/gipiservice.com\/index.php\/wp-json\/wp\/v2\/types\/product"}],"replies":[{"embeddable":true,"href":"https:\/\/gipiservice.com\/index.php\/wp-json\/wp\/v2\/comments?post=1411"}],"wp:featuredmedia":[{"embeddable":true,"href":"https:\/\/gipiservice.com\/index.php\/wp-json\/wp\/v2\/media\/1425"}],"wp:attachment":[{"href":"https:\/\/gipiservice.com\/index.php\/wp-json\/wp\/v2\/media?parent=1411"}],"wp:term":[{"taxonomy":"product_brand","embeddable":true,"href":"https:\/\/gipiservice.com\/index.php\/wp-json\/wp\/v2\/product_brand?post=1411"},{"taxonomy":"product_cat","embeddable":true,"href":"https:\/\/gipiservice.com\/index.php\/wp-json\/wp\/v2\/product_cat?post=1411"},{"taxonomy":"product_tag","embeddable":true,"href":"https:\/\/gipiservice.com\/index.php\/wp-json\/wp\/v2\/product_tag?post=1411"}],"curies":[{"name":"wp","href":"https:\/\/api.w.org\/{rel}","templated":true}]}}