{"id":1475,"date":"2026-01-13T10:46:11","date_gmt":"2026-01-13T10:46:11","guid":{"rendered":"https:\/\/staging.gipiservice.com\/?post_type=product&#038;p=1475"},"modified":"2026-01-13T10:46:16","modified_gmt":"2026-01-13T10:46:16","slug":"top-gres","status":"publish","type":"product","link":"https:\/\/gipiservice.com\/index.php\/prodotto\/top-gres\/","title":{"rendered":"Top Gres"},"content":{"rendered":"<p>TOP GRES rappresenta la soluzione definitiva per la pulizia di pavimenti in gres, klinker, monocottura e pavimenti antiscivolo. Questo detergente concentrato \u00e8 stato appositamente formulato per affrontare le sfide specifiche legate a questi tipi di pavimentazione.<\/p>\n<p>La sua formula avanzata consente di affrontare con facilit\u00e0 lo sporco pi\u00f9 ostinato e persistente, garantendo risultati di pulizia eccezionali. Grazie alla sua efficacia nella rimozione del calcare, TOP GRES offre una soluzione completa per mantenere i pavimenti in gres e materiali simili in condizioni ottimali.<\/p>\n<p>\u00c8 importante notare che TOP GRES non deve essere utilizzato su piastrellato lucido, garantendo la massima compatibilit\u00e0 con una variet\u00e0 di superfici senza compromettere la qualit\u00e0 della pulizia. Questo avvertimento evidenzia l&#8217;attenzione specifica dedicata alla formulazione del prodotto, assicurando che sia adatto alle esigenze specifiche dei pavimenti in gres e materiali correlati, ma evitando l&#8217;uso su superfici in piastrelle lucide che potrebbero richiedere un trattamento diverso.<\/p>\n<p>In sintesi, TOP GRES si presenta come un detergente concentrato altamente specializzato, progettato per soddisfare le esigenze specifiche di pavimenti in gres, klinker, monocottura e pavimenti antiscivolo. La sua capacit\u00e0 di affrontare lo sporco ostinato e i depositi di calcare, insieme alla sua compatibilit\u00e0 con una vasta gamma di superfici, lo rende una scelta ideale per chi cerca risultati di pulizia eccezionali e duraturi.<\/p>\n","protected":false},"excerpt":{"rendered":"<p>detergente concentrato ideato appositamente per la pulizia di pavimenti in gres, klinker, monocottura, per pavimenti antiscivolo.<\/p>\n","protected":false},"featured_media":1500,"comment_status":"open","ping_status":"closed","template":"","meta":[],"product_brand":[],"product_cat":[211],"product_tag":[],"class_list":{"0":"post-1475","1":"product","2":"type-product","3":"status-publish","4":"has-post-thumbnail","6":"product_cat-trattamenti-straordinari","8":"first","9":"instock","10":"taxable","11":"shipping-taxable","12":"purchasable","13":"product-type-simple"},"yoast_head":"<!-- This site is optimized with the Yoast SEO plugin v26.8 - https:\/\/yoast.com\/product\/yoast-seo-wordpress\/ -->\n<title>Super detergente per gres<\/title>\n<meta name=\"description\" content=\"Top Gres detergente concentrato ideato appositamente per la pulizia di pavimenti in gres, klinker, monocottura, per pavimenti antiscivolo.\" \/>\n<meta name=\"robots\" content=\"index, follow, max-snippet:-1, max-image-preview:large, max-video-preview:-1\" \/>\n<link rel=\"canonical\" href=\"https:\/\/gipiservice.com\/index.php\/prodotto\/top-gres\/\" \/>\n<meta property=\"og:locale\" content=\"it_IT\" \/>\n<meta property=\"og:type\" content=\"article\" \/>\n<meta property=\"og:title\" content=\"Super detergente per gres\" \/>\n<meta property=\"og:description\" content=\"Top Gres detergente concentrato ideato appositamente per la pulizia di pavimenti in gres, klinker, monocottura, per pavimenti antiscivolo.\" \/>\n<meta property=\"og:url\" content=\"https:\/\/gipiservice.com\/index.php\/prodotto\/top-gres\/\" \/>\n<meta property=\"og:site_name\" content=\"Gi.Pi Service Prodotti e macchine per la pulizia professionale\" \/>\n<meta property=\"article:modified_time\" content=\"2026-01-13T10:46:16+00:00\" \/>\n<meta property=\"og:image\" content=\"https:\/\/gipiservice.com\/wp-content\/uploads\/2026\/01\/TOPGRES.png\" \/>\n\t<meta property=\"og:image:width\" content=\"611\" \/>\n\t<meta property=\"og:image:height\" content=\"841\" \/>\n\t<meta property=\"og:image:type\" content=\"image\/png\" \/>\n<meta name=\"twitter:card\" content=\"summary_large_image\" \/>\n<meta name=\"twitter:label1\" content=\"Tempo di lettura stimato\" \/>\n\t<meta name=\"twitter:data1\" content=\"2 minuti\" \/>\n<script type=\"application\/ld+json\" class=\"yoast-schema-graph\">{\"@context\":\"https:\/\/schema.org\",\"@graph\":[{\"@type\":\"WebPage\",\"@id\":\"https:\/\/gipiservice.com\/index.php\/prodotto\/top-gres\/\",\"url\":\"https:\/\/gipiservice.com\/index.php\/prodotto\/top-gres\/\",\"name\":\"Super detergente per gres\",\"isPartOf\":{\"@id\":\"https:\/\/gipiservice.com\/#website\"},\"primaryImageOfPage\":{\"@id\":\"https:\/\/gipiservice.com\/index.php\/prodotto\/top-gres\/#primaryimage\"},\"image\":{\"@id\":\"https:\/\/gipiservice.com\/index.php\/prodotto\/top-gres\/#primaryimage\"},\"thumbnailUrl\":\"https:\/\/gipiservice.com\/wp-content\/uploads\/2026\/01\/TOPGRES.png\",\"datePublished\":\"2026-01-13T10:46:11+00:00\",\"dateModified\":\"2026-01-13T10:46:16+00:00\",\"description\":\"Top Gres detergente concentrato ideato appositamente per la pulizia di pavimenti in gres, klinker, monocottura, per pavimenti antiscivolo.\",\"breadcrumb\":{\"@id\":\"https:\/\/gipiservice.com\/index.php\/prodotto\/top-gres\/#breadcrumb\"},\"inLanguage\":\"it-IT\",\"potentialAction\":[{\"@type\":\"ReadAction\",\"target\":[\"https:\/\/gipiservice.com\/index.php\/prodotto\/top-gres\/\"]}]},{\"@type\":\"ImageObject\",\"inLanguage\":\"it-IT\",\"@id\":\"https:\/\/gipiservice.com\/index.php\/prodotto\/top-gres\/#primaryimage\",\"url\":\"https:\/\/gipiservice.com\/wp-content\/uploads\/2026\/01\/TOPGRES.png\",\"contentUrl\":\"https:\/\/gipiservice.com\/wp-content\/uploads\/2026\/01\/TOPGRES.png\",\"width\":611,\"height\":841},{\"@type\":\"BreadcrumbList\",\"@id\":\"https:\/\/gipiservice.com\/index.php\/prodotto\/top-gres\/#breadcrumb\",\"itemListElement\":[{\"@type\":\"ListItem\",\"position\":1,\"name\":\"Home\",\"item\":\"https:\/\/gipiservice.com\/\"},{\"@type\":\"ListItem\",\"position\":2,\"name\":\"Shop\",\"item\":\"https:\/\/gipiservice.com\/index.php\/shop\/\"},{\"@type\":\"ListItem\",\"position\":3,\"name\":\"Top Gres\"}]},{\"@type\":\"WebSite\",\"@id\":\"https:\/\/gipiservice.com\/#website\",\"url\":\"https:\/\/gipiservice.com\/\",\"name\":\"Gi.Pi Service Prodotti e macchine per la pulizia professionale\",\"description\":\"\",\"publisher\":{\"@id\":\"https:\/\/gipiservice.com\/#organization\"},\"potentialAction\":[{\"@type\":\"SearchAction\",\"target\":{\"@type\":\"EntryPoint\",\"urlTemplate\":\"https:\/\/gipiservice.com\/?s={search_term_string}\"},\"query-input\":{\"@type\":\"PropertyValueSpecification\",\"valueRequired\":true,\"valueName\":\"search_term_string\"}}],\"inLanguage\":\"it-IT\"},{\"@type\":\"Organization\",\"@id\":\"https:\/\/gipiservice.com\/#organization\",\"name\":\"Gi.Pi Service Prodotti e macchine per la pulizia professionale\",\"url\":\"https:\/\/gipiservice.com\/\",\"logo\":{\"@type\":\"ImageObject\",\"inLanguage\":\"it-IT\",\"@id\":\"https:\/\/gipiservice.com\/#\/schema\/logo\/image\/\",\"url\":\"https:\/\/gipiservice.com\/wp-content\/uploads\/2026\/01\/cropped-gipi-service-logo.webp\",\"contentUrl\":\"https:\/\/gipiservice.com\/wp-content\/uploads\/2026\/01\/cropped-gipi-service-logo.webp\",\"width\":183,\"height\":84,\"caption\":\"Gi.Pi Service Prodotti e macchine per la pulizia professionale\"},\"image\":{\"@id\":\"https:\/\/gipiservice.com\/#\/schema\/logo\/image\/\"}}]}<\/script>\n<!-- \/ Yoast SEO plugin. -->","yoast_head_json":{"title":"Super detergente per gres","description":"Top Gres detergente concentrato ideato appositamente per la pulizia di pavimenti in gres, klinker, monocottura, per pavimenti antiscivolo.","robots":{"index":"index","follow":"follow","max-snippet":"max-snippet:-1","max-image-preview":"max-image-preview:large","max-video-preview":"max-video-preview:-1"},"canonical":"https:\/\/gipiservice.com\/index.php\/prodotto\/top-gres\/","og_locale":"it_IT","og_type":"article","og_title":"Super detergente per gres","og_description":"Top Gres detergente concentrato ideato appositamente per la pulizia di pavimenti in gres, klinker, monocottura, per pavimenti antiscivolo.","og_url":"https:\/\/gipiservice.com\/index.php\/prodotto\/top-gres\/","og_site_name":"Gi.Pi Service Prodotti e macchine per la pulizia professionale","article_modified_time":"2026-01-13T10:46:16+00:00","og_image":[{"width":611,"height":841,"url":"https:\/\/gipiservice.com\/wp-content\/uploads\/2026\/01\/TOPGRES.png","type":"image\/png"}],"twitter_card":"summary_large_image","twitter_misc":{"Tempo di lettura stimato":"2 minuti"},"schema":{"@context":"https:\/\/schema.org","@graph":[{"@type":"WebPage","@id":"https:\/\/gipiservice.com\/index.php\/prodotto\/top-gres\/","url":"https:\/\/gipiservice.com\/index.php\/prodotto\/top-gres\/","name":"Super detergente per gres","isPartOf":{"@id":"https:\/\/gipiservice.com\/#website"},"primaryImageOfPage":{"@id":"https:\/\/gipiservice.com\/index.php\/prodotto\/top-gres\/#primaryimage"},"image":{"@id":"https:\/\/gipiservice.com\/index.php\/prodotto\/top-gres\/#primaryimage"},"thumbnailUrl":"https:\/\/gipiservice.com\/wp-content\/uploads\/2026\/01\/TOPGRES.png","datePublished":"2026-01-13T10:46:11+00:00","dateModified":"2026-01-13T10:46:16+00:00","description":"Top Gres detergente concentrato ideato appositamente per la pulizia di pavimenti in gres, klinker, monocottura, per pavimenti antiscivolo.","breadcrumb":{"@id":"https:\/\/gipiservice.com\/index.php\/prodotto\/top-gres\/#breadcrumb"},"inLanguage":"it-IT","potentialAction":[{"@type":"ReadAction","target":["https:\/\/gipiservice.com\/index.php\/prodotto\/top-gres\/"]}]},{"@type":"ImageObject","inLanguage":"it-IT","@id":"https:\/\/gipiservice.com\/index.php\/prodotto\/top-gres\/#primaryimage","url":"https:\/\/gipiservice.com\/wp-content\/uploads\/2026\/01\/TOPGRES.png","contentUrl":"https:\/\/gipiservice.com\/wp-content\/uploads\/2026\/01\/TOPGRES.png","width":611,"height":841},{"@type":"BreadcrumbList","@id":"https:\/\/gipiservice.com\/index.php\/prodotto\/top-gres\/#breadcrumb","itemListElement":[{"@type":"ListItem","position":1,"name":"Home","item":"https:\/\/gipiservice.com\/"},{"@type":"ListItem","position":2,"name":"Shop","item":"https:\/\/gipiservice.com\/index.php\/shop\/"},{"@type":"ListItem","position":3,"name":"Top Gres"}]},{"@type":"WebSite","@id":"https:\/\/gipiservice.com\/#website","url":"https:\/\/gipiservice.com\/","name":"Gi.Pi Service Prodotti e macchine per la pulizia professionale","description":"","publisher":{"@id":"https:\/\/gipiservice.com\/#organization"},"potentialAction":[{"@type":"SearchAction","target":{"@type":"EntryPoint","urlTemplate":"https:\/\/gipiservice.com\/?s={search_term_string}"},"query-input":{"@type":"PropertyValueSpecification","valueRequired":true,"valueName":"search_term_string"}}],"inLanguage":"it-IT"},{"@type":"Organization","@id":"https:\/\/gipiservice.com\/#organization","name":"Gi.Pi Service Prodotti e macchine per la pulizia professionale","url":"https:\/\/gipiservice.com\/","logo":{"@type":"ImageObject","inLanguage":"it-IT","@id":"https:\/\/gipiservice.com\/#\/schema\/logo\/image\/","url":"https:\/\/gipiservice.com\/wp-content\/uploads\/2026\/01\/cropped-gipi-service-logo.webp","contentUrl":"https:\/\/gipiservice.com\/wp-content\/uploads\/2026\/01\/cropped-gipi-service-logo.webp","width":183,"height":84,"caption":"Gi.Pi Service Prodotti e macchine per la pulizia professionale"},"image":{"@id":"https:\/\/gipiservice.com\/#\/schema\/logo\/image\/"}}]}},"jetpack_sharing_enabled":true,"_links":{"self":[{"href":"https:\/\/gipiservice.com\/index.php\/wp-json\/wp\/v2\/product\/1475","targetHints":{"allow":["GET"]}}],"collection":[{"href":"https:\/\/gipiservice.com\/index.php\/wp-json\/wp\/v2\/product"}],"about":[{"href":"https:\/\/gipiservice.com\/index.php\/wp-json\/wp\/v2\/types\/product"}],"replies":[{"embeddable":true,"href":"https:\/\/gipiservice.com\/index.php\/wp-json\/wp\/v2\/comments?post=1475"}],"wp:featuredmedia":[{"embeddable":true,"href":"https:\/\/gipiservice.com\/index.php\/wp-json\/wp\/v2\/media\/1500"}],"wp:attachment":[{"href":"https:\/\/gipiservice.com\/index.php\/wp-json\/wp\/v2\/media?parent=1475"}],"wp:term":[{"taxonomy":"product_brand","embeddable":true,"href":"https:\/\/gipiservice.com\/index.php\/wp-json\/wp\/v2\/product_brand?post=1475"},{"taxonomy":"product_cat","embeddable":true,"href":"https:\/\/gipiservice.com\/index.php\/wp-json\/wp\/v2\/product_cat?post=1475"},{"taxonomy":"product_tag","embeddable":true,"href":"https:\/\/gipiservice.com\/index.php\/wp-json\/wp\/v2\/product_tag?post=1475"}],"curies":[{"name":"wp","href":"https:\/\/api.w.org\/{rel}","templated":true}]}}