{"id":1484,"date":"2026-01-13T10:46:12","date_gmt":"2026-01-13T10:46:12","guid":{"rendered":"https:\/\/staging.gipiservice.com\/?post_type=product&#038;p=1484"},"modified":"2026-04-13T05:43:49","modified_gmt":"2026-04-13T05:43:49","slug":"gl-pro-li-ion-standard-fimap","status":"publish","type":"product","link":"https:\/\/gipiservice.com\/index.php\/prodotto\/gl-pro-li-ion-standard-fimap\/","title":{"rendered":"GL PRO Li-ion STANDARD Fimap"},"content":{"rendered":"<p><iframe title=\"GL_GxL \u2502 Micro Walk-Behind Scrubbers\" width=\"1140\" height=\"641\" src=\"https:\/\/www.youtube.com\/embed\/ggheW77BMw8?feature=oembed\" frameborder=\"0\" allow=\"accelerometer; autoplay; clipboard-write; encrypted-media; gyroscope; picture-in-picture; web-share\" referrerpolicy=\"strict-origin-when-cross-origin\" allowfullscreen><\/iframe><\/p>\n<h4><em>Completa di: Batterie Litio Li-ion, Caricabatterie a bordo, Disco Trascinatore, Spazzola PPL 0,6<\/em><\/h4>\n<h3>La potenza delle grandi, l&#8217;agilit\u00e0 delle piccole<\/h3>\n<p>La potenza e la tecnologia delle grandi \u00e8 ora disponibile anche per le pi\u00f9 piccole. La lavasciuga pavimenti GL di Fimap \u00e8 pensata per i piccoli spazi di qualsiasi settore, anche quelli pi\u00f9 difficili. Per questo il corpo esterno \u00e8 cos\u00ec robusto. La struttura in polietilene protegge completamente le parti meccaniche, delineando un design robusto e pulito, senza sporgenze che potrebbero intralciare il passaggio in zone particolarmente strette. La sua straordinaria potenza porta la qualit\u00e0 del pulito professionale nei passaggi pi\u00f9 stretti di qualsiasi ambiente, dai pi\u00f9 esigenti come quello sanitario, a quelli pi\u00f9 impegnativi del settore industriale, per raggiungere la perfezione in ogni angolo. \u00c8 pensata per il professionista che desidera integrare la propria flotta con una piccola lavasciuga pavimenti di grande potenza e proporre l&#8217;efficacia della pulizia meccanizzata su superfici di piccole dimensioni.<\/p>\n<p><strong>\u00c8 adatta ad ambienti come: supermercati, magazzini, reparti di produzione, autosaloni, officine, negozi, scuole, cucine, mense e ristoranti.<\/strong><\/p>\n<table class=\"table techdata\" style=\"height: 340px\" width=\"636\">\n<tbody>\n<tr>\n<td class=\"text-left\">Produttivit\u00e0 teorica (fino a m\u00b2\/h)<\/td>\n<td class=\"text-right\">1000<\/td>\n<\/tr>\n<tr>\n<td class=\"text-left\">Larghezza lavoro (mm)<\/td>\n<td class=\"text-right\">355<\/td>\n<\/tr>\n<tr>\n<td class=\"text-left\">Pressione sulla spazzola (kg)<\/td>\n<td class=\"text-right\">30<\/td>\n<\/tr>\n<tr>\n<td class=\"text-left\">Serbatoio soluzione (l)<\/td>\n<td class=\"text-right\">15<\/td>\n<\/tr>\n<tr>\n<td class=\"text-left\">Serbatoio recupero (l)<\/td>\n<td class=\"text-right\">17<\/td>\n<\/tr>\n<tr>\n<td class=\"text-left\">Alimentazione\/trazione (V)<\/td>\n<td class=\"text-right\">24\/semi aut.<\/td>\n<\/tr>\n<tr>\n<td class=\"text-left\">Autonomia batterie (fino a h)<\/td>\n<td class=\"text-right\">3 (LI-ION)<\/td>\n<\/tr>\n<tr>\n<td class=\"text-left\">Dimensioni macchina (L x h x l) (mm)<\/td>\n<td class=\"text-right\">765 x 1110 x 490<\/td>\n<\/tr>\n<tr>\n<td class=\"text-left\">Larghezza tergipavimento (mm)<\/td>\n<td class=\"text-right\">440<\/td>\n<\/tr>\n<tr>\n<td class=\"text-left\">Peso macchina in lavoro (GVW) (kg)<\/td>\n<td class=\"text-right\">84<\/td>\n<\/tr>\n<tr class=\"last\">\n<td class=\"text-left\">Livello di pressione acustica (ISO 11201 \u2013 L<sub>pA<\/sub> &#8211; dB (A))<\/td>\n<td class=\"text-right\">61,4<\/td>\n<\/tr>\n<\/tbody>\n<\/table>\n","protected":false},"excerpt":{"rendered":"<p><strong>\u00c8 adatta ad ambienti come: supermercati, magazzini, reparti di produzione, autosaloni, officine, negozi, scuole, cucine, mense e ristoranti<\/strong><\/p>\n<p><strong>BATTERIA AL LITIO<\/strong><br \/>\nLa batteria al litio eroga una potenza adeguata a seconda delle applicazioni. In caso di sporco aderente e difficile la potenza aumenta, mentre, in condizioni di sporco normale, la potenza rimane costante, e aumenta l\u2019autonomia della batteria. Puoi utilizzare GL pi\u00f9 volte nella stessa giornata: per una ricarica fino all\u201980% \u00e8 sufficiente un\u2019ora. Per la carica al 100% sono necessarie 3 ore*<\/p>\n<p>&nbsp;<\/p>\n","protected":false},"featured_media":1149,"comment_status":"open","ping_status":"closed","template":"","meta":[],"product_brand":[],"product_cat":[118],"product_tag":[414,415,416,417,375],"class_list":{"0":"post-1484","1":"product","2":"type-product","3":"status-publish","4":"has-post-thumbnail","6":"product_cat-macchine-lavapavimenti","7":"product_tag-lavasciuga","8":"product_tag-lavasciuga-batterie-litio","9":"product_tag-lavasciuga-pavimenti","10":"product_tag-macchina-lavasciuga","11":"product_tag-pavimenti","13":"first","14":"instock","15":"sale","16":"featured","17":"taxable","18":"shipping-taxable","19":"purchasable","20":"product-type-simple"},"yoast_head":"<!-- This site is optimized with the Yoast SEO plugin v26.8 - https:\/\/yoast.com\/product\/yoast-seo-wordpress\/ -->\n<title>macchina lavasciuga pavimenti<\/title>\n<meta name=\"description\" content=\"Aspiratutto potente per aspirazione di polvere e liquidi con protezione totale del motore, guarnizione resistente e accessori pratici\" \/>\n<meta name=\"robots\" content=\"index, follow, max-snippet:-1, max-image-preview:large, max-video-preview:-1\" \/>\n<link rel=\"canonical\" href=\"https:\/\/gipiservice.com\/index.php\/prodotto\/gl-pro-li-ion-standard-fimap\/\" \/>\n<meta property=\"og:locale\" content=\"it_IT\" \/>\n<meta property=\"og:type\" content=\"article\" \/>\n<meta property=\"og:title\" content=\"macchina lavasciuga pavimenti\" \/>\n<meta property=\"og:description\" content=\"Aspiratutto potente per aspirazione di polvere e liquidi con protezione totale del motore, guarnizione resistente e accessori pratici\" \/>\n<meta property=\"og:url\" content=\"https:\/\/gipiservice.com\/index.php\/prodotto\/gl-pro-li-ion-standard-fimap\/\" \/>\n<meta property=\"og:site_name\" content=\"Gi.Pi Service Prodotti e macchine per la pulizia professionale\" \/>\n<meta property=\"article:modified_time\" content=\"2026-04-13T05:43:49+00:00\" \/>\n<meta property=\"og:image\" content=\"https:\/\/gipiservice.com\/wp-content\/uploads\/2026\/01\/gl_entire_fisheye_2000x2000_rgb-e1670354531518.jpg\" \/>\n\t<meta property=\"og:image:width\" content=\"231\" \/>\n\t<meta property=\"og:image:height\" content=\"261\" \/>\n\t<meta property=\"og:image:type\" content=\"image\/jpeg\" \/>\n<meta name=\"twitter:card\" content=\"summary_large_image\" \/>\n<meta name=\"twitter:label1\" content=\"Tempo di lettura stimato\" \/>\n\t<meta name=\"twitter:data1\" content=\"2 minuti\" \/>\n<script type=\"application\/ld+json\" class=\"yoast-schema-graph\">{\"@context\":\"https:\/\/schema.org\",\"@graph\":[{\"@type\":\"WebPage\",\"@id\":\"https:\/\/gipiservice.com\/index.php\/prodotto\/gl-pro-li-ion-standard-fimap\/\",\"url\":\"https:\/\/gipiservice.com\/index.php\/prodotto\/gl-pro-li-ion-standard-fimap\/\",\"name\":\"macchina lavasciuga pavimenti\",\"isPartOf\":{\"@id\":\"https:\/\/gipiservice.com\/#website\"},\"primaryImageOfPage\":{\"@id\":\"https:\/\/gipiservice.com\/index.php\/prodotto\/gl-pro-li-ion-standard-fimap\/#primaryimage\"},\"image\":{\"@id\":\"https:\/\/gipiservice.com\/index.php\/prodotto\/gl-pro-li-ion-standard-fimap\/#primaryimage\"},\"thumbnailUrl\":\"https:\/\/gipiservice.com\/wp-content\/uploads\/2026\/01\/gl_entire_fisheye_2000x2000_rgb-e1670354531518.jpg\",\"datePublished\":\"2026-01-13T10:46:12+00:00\",\"dateModified\":\"2026-04-13T05:43:49+00:00\",\"description\":\"Aspiratutto potente per aspirazione di polvere e liquidi con protezione totale del motore, guarnizione resistente e accessori pratici\",\"breadcrumb\":{\"@id\":\"https:\/\/gipiservice.com\/index.php\/prodotto\/gl-pro-li-ion-standard-fimap\/#breadcrumb\"},\"inLanguage\":\"it-IT\",\"potentialAction\":[{\"@type\":\"ReadAction\",\"target\":[\"https:\/\/gipiservice.com\/index.php\/prodotto\/gl-pro-li-ion-standard-fimap\/\"]}]},{\"@type\":\"ImageObject\",\"inLanguage\":\"it-IT\",\"@id\":\"https:\/\/gipiservice.com\/index.php\/prodotto\/gl-pro-li-ion-standard-fimap\/#primaryimage\",\"url\":\"https:\/\/gipiservice.com\/wp-content\/uploads\/2026\/01\/gl_entire_fisheye_2000x2000_rgb-e1670354531518.jpg\",\"contentUrl\":\"https:\/\/gipiservice.com\/wp-content\/uploads\/2026\/01\/gl_entire_fisheye_2000x2000_rgb-e1670354531518.jpg\",\"width\":231,\"height\":261},{\"@type\":\"BreadcrumbList\",\"@id\":\"https:\/\/gipiservice.com\/index.php\/prodotto\/gl-pro-li-ion-standard-fimap\/#breadcrumb\",\"itemListElement\":[{\"@type\":\"ListItem\",\"position\":1,\"name\":\"Home\",\"item\":\"https:\/\/gipiservice.com\/\"},{\"@type\":\"ListItem\",\"position\":2,\"name\":\"Shop\",\"item\":\"https:\/\/gipiservice.com\/index.php\/shop\/\"},{\"@type\":\"ListItem\",\"position\":3,\"name\":\"GL PRO Li-ion STANDARD Fimap\"}]},{\"@type\":\"WebSite\",\"@id\":\"https:\/\/gipiservice.com\/#website\",\"url\":\"https:\/\/gipiservice.com\/\",\"name\":\"Gi.Pi Service Prodotti e macchine per la pulizia professionale\",\"description\":\"\",\"publisher\":{\"@id\":\"https:\/\/gipiservice.com\/#organization\"},\"potentialAction\":[{\"@type\":\"SearchAction\",\"target\":{\"@type\":\"EntryPoint\",\"urlTemplate\":\"https:\/\/gipiservice.com\/?s={search_term_string}\"},\"query-input\":{\"@type\":\"PropertyValueSpecification\",\"valueRequired\":true,\"valueName\":\"search_term_string\"}}],\"inLanguage\":\"it-IT\"},{\"@type\":\"Organization\",\"@id\":\"https:\/\/gipiservice.com\/#organization\",\"name\":\"Gi.Pi Service Prodotti e macchine per la pulizia professionale\",\"url\":\"https:\/\/gipiservice.com\/\",\"logo\":{\"@type\":\"ImageObject\",\"inLanguage\":\"it-IT\",\"@id\":\"https:\/\/gipiservice.com\/#\/schema\/logo\/image\/\",\"url\":\"https:\/\/gipiservice.com\/wp-content\/uploads\/2026\/01\/cropped-gipi-service-logo.webp\",\"contentUrl\":\"https:\/\/gipiservice.com\/wp-content\/uploads\/2026\/01\/cropped-gipi-service-logo.webp\",\"width\":183,\"height\":84,\"caption\":\"Gi.Pi Service Prodotti e macchine per la pulizia professionale\"},\"image\":{\"@id\":\"https:\/\/gipiservice.com\/#\/schema\/logo\/image\/\"}}]}<\/script>\n<!-- \/ Yoast SEO plugin. -->","yoast_head_json":{"title":"macchina lavasciuga pavimenti","description":"Aspiratutto potente per aspirazione di polvere e liquidi con protezione totale del motore, guarnizione resistente e accessori pratici","robots":{"index":"index","follow":"follow","max-snippet":"max-snippet:-1","max-image-preview":"max-image-preview:large","max-video-preview":"max-video-preview:-1"},"canonical":"https:\/\/gipiservice.com\/index.php\/prodotto\/gl-pro-li-ion-standard-fimap\/","og_locale":"it_IT","og_type":"article","og_title":"macchina lavasciuga pavimenti","og_description":"Aspiratutto potente per aspirazione di polvere e liquidi con protezione totale del motore, guarnizione resistente e accessori pratici","og_url":"https:\/\/gipiservice.com\/index.php\/prodotto\/gl-pro-li-ion-standard-fimap\/","og_site_name":"Gi.Pi Service Prodotti e macchine per la pulizia professionale","article_modified_time":"2026-04-13T05:43:49+00:00","og_image":[{"width":231,"height":261,"url":"https:\/\/gipiservice.com\/wp-content\/uploads\/2026\/01\/gl_entire_fisheye_2000x2000_rgb-e1670354531518.jpg","type":"image\/jpeg"}],"twitter_card":"summary_large_image","twitter_misc":{"Tempo di lettura stimato":"2 minuti"},"schema":{"@context":"https:\/\/schema.org","@graph":[{"@type":"WebPage","@id":"https:\/\/gipiservice.com\/index.php\/prodotto\/gl-pro-li-ion-standard-fimap\/","url":"https:\/\/gipiservice.com\/index.php\/prodotto\/gl-pro-li-ion-standard-fimap\/","name":"macchina lavasciuga pavimenti","isPartOf":{"@id":"https:\/\/gipiservice.com\/#website"},"primaryImageOfPage":{"@id":"https:\/\/gipiservice.com\/index.php\/prodotto\/gl-pro-li-ion-standard-fimap\/#primaryimage"},"image":{"@id":"https:\/\/gipiservice.com\/index.php\/prodotto\/gl-pro-li-ion-standard-fimap\/#primaryimage"},"thumbnailUrl":"https:\/\/gipiservice.com\/wp-content\/uploads\/2026\/01\/gl_entire_fisheye_2000x2000_rgb-e1670354531518.jpg","datePublished":"2026-01-13T10:46:12+00:00","dateModified":"2026-04-13T05:43:49+00:00","description":"Aspiratutto potente per aspirazione di polvere e liquidi con protezione totale del motore, guarnizione resistente e accessori pratici","breadcrumb":{"@id":"https:\/\/gipiservice.com\/index.php\/prodotto\/gl-pro-li-ion-standard-fimap\/#breadcrumb"},"inLanguage":"it-IT","potentialAction":[{"@type":"ReadAction","target":["https:\/\/gipiservice.com\/index.php\/prodotto\/gl-pro-li-ion-standard-fimap\/"]}]},{"@type":"ImageObject","inLanguage":"it-IT","@id":"https:\/\/gipiservice.com\/index.php\/prodotto\/gl-pro-li-ion-standard-fimap\/#primaryimage","url":"https:\/\/gipiservice.com\/wp-content\/uploads\/2026\/01\/gl_entire_fisheye_2000x2000_rgb-e1670354531518.jpg","contentUrl":"https:\/\/gipiservice.com\/wp-content\/uploads\/2026\/01\/gl_entire_fisheye_2000x2000_rgb-e1670354531518.jpg","width":231,"height":261},{"@type":"BreadcrumbList","@id":"https:\/\/gipiservice.com\/index.php\/prodotto\/gl-pro-li-ion-standard-fimap\/#breadcrumb","itemListElement":[{"@type":"ListItem","position":1,"name":"Home","item":"https:\/\/gipiservice.com\/"},{"@type":"ListItem","position":2,"name":"Shop","item":"https:\/\/gipiservice.com\/index.php\/shop\/"},{"@type":"ListItem","position":3,"name":"GL PRO Li-ion STANDARD Fimap"}]},{"@type":"WebSite","@id":"https:\/\/gipiservice.com\/#website","url":"https:\/\/gipiservice.com\/","name":"Gi.Pi Service Prodotti e macchine per la pulizia professionale","description":"","publisher":{"@id":"https:\/\/gipiservice.com\/#organization"},"potentialAction":[{"@type":"SearchAction","target":{"@type":"EntryPoint","urlTemplate":"https:\/\/gipiservice.com\/?s={search_term_string}"},"query-input":{"@type":"PropertyValueSpecification","valueRequired":true,"valueName":"search_term_string"}}],"inLanguage":"it-IT"},{"@type":"Organization","@id":"https:\/\/gipiservice.com\/#organization","name":"Gi.Pi Service Prodotti e macchine per la pulizia professionale","url":"https:\/\/gipiservice.com\/","logo":{"@type":"ImageObject","inLanguage":"it-IT","@id":"https:\/\/gipiservice.com\/#\/schema\/logo\/image\/","url":"https:\/\/gipiservice.com\/wp-content\/uploads\/2026\/01\/cropped-gipi-service-logo.webp","contentUrl":"https:\/\/gipiservice.com\/wp-content\/uploads\/2026\/01\/cropped-gipi-service-logo.webp","width":183,"height":84,"caption":"Gi.Pi Service Prodotti e macchine per la pulizia professionale"},"image":{"@id":"https:\/\/gipiservice.com\/#\/schema\/logo\/image\/"}}]}},"jetpack_sharing_enabled":true,"_links":{"self":[{"href":"https:\/\/gipiservice.com\/index.php\/wp-json\/wp\/v2\/product\/1484","targetHints":{"allow":["GET"]}}],"collection":[{"href":"https:\/\/gipiservice.com\/index.php\/wp-json\/wp\/v2\/product"}],"about":[{"href":"https:\/\/gipiservice.com\/index.php\/wp-json\/wp\/v2\/types\/product"}],"replies":[{"embeddable":true,"href":"https:\/\/gipiservice.com\/index.php\/wp-json\/wp\/v2\/comments?post=1484"}],"wp:featuredmedia":[{"embeddable":true,"href":"https:\/\/gipiservice.com\/index.php\/wp-json\/wp\/v2\/media\/1149"}],"wp:attachment":[{"href":"https:\/\/gipiservice.com\/index.php\/wp-json\/wp\/v2\/media?parent=1484"}],"wp:term":[{"taxonomy":"product_brand","embeddable":true,"href":"https:\/\/gipiservice.com\/index.php\/wp-json\/wp\/v2\/product_brand?post=1484"},{"taxonomy":"product_cat","embeddable":true,"href":"https:\/\/gipiservice.com\/index.php\/wp-json\/wp\/v2\/product_cat?post=1484"},{"taxonomy":"product_tag","embeddable":true,"href":"https:\/\/gipiservice.com\/index.php\/wp-json\/wp\/v2\/product_tag?post=1484"}],"curies":[{"name":"wp","href":"https:\/\/api.w.org\/{rel}","templated":true}]}}