{"id":1485,"date":"2026-01-13T10:46:12","date_gmt":"2026-01-13T10:46:12","guid":{"rendered":"https:\/\/staging.gipiservice.com\/?post_type=product&#038;p=1485"},"modified":"2026-01-13T10:46:22","modified_gmt":"2026-01-13T10:46:22","slug":"gxl-pro-li-ion-standard-fimap","status":"publish","type":"product","link":"https:\/\/gipiservice.com\/index.php\/prodotto\/gxl-pro-li-ion-standard-fimap\/","title":{"rendered":"GxL PRO Li-ion STANDARD Fimap"},"content":{"rendered":"<p><iframe title=\"GL_GxL \u2502 Micro Walk-Behind Scrubbers\" width=\"1140\" height=\"641\" src=\"https:\/\/www.youtube.com\/embed\/ggheW77BMw8?feature=oembed\" frameborder=\"0\" allow=\"accelerometer; autoplay; clipboard-write; encrypted-media; gyroscope; picture-in-picture; web-share\" referrerpolicy=\"strict-origin-when-cross-origin\" allowfullscreen><\/iframe><\/p>\n<h4><em>Completa di : Batterie Litio Li-ion, Caricabatterie a bordo, Disco Trascinatore, Spazzola PPL 0,8<\/em><\/h4>\n<h3>La potenza delle grandi, l&#8217;agilit\u00e0 delle piccole<\/h3>\n<p>GxL di Fimap porta l\u2019efficacia e la forza di una lavasciuga pavimenti dove ce n\u2019\u00e8 pi\u00f9 bisogno, in aree ristrette di ambienti industriali, dove lo sporco \u00e8 difficile e la pulizia richiede potenza.<br \/>\nIl design solido \u00e8 adatto a settori impegnativi, da quello meccanico a quello alimentare, nelle zone di produzione, trasformazione, e stoccaggio delle merci.<br \/>\nPur essendo piccola \u00e8 dotata della stessa tecnologia dei modelli pi\u00f9 grandi, permettendo cos\u00ec di completare la propria flotta con un modello compatto, altamente performante, programmabile.<\/p>\n<p><strong>\u00c8 adatta ad ambienti come: fabbriche, linee produttive, impianti di lavorazione e stoccaggio, catene di montaggio, officine meccaniche, supermercati, cucine, mense e ristoranti.<\/strong><\/p>\n<table class=\"table techdata\" style=\"height: 312px\" width=\"1012\">\n<tbody>\n<tr>\n<td class=\"text-left\">Produttivit\u00e0 teorica (fino a m\u00b2\/h)<\/td>\n<td class=\"text-right\">1200<\/td>\n<\/tr>\n<tr>\n<td class=\"text-left\">Larghezza lavoro (mm)<\/td>\n<td class=\"text-right\">430<\/td>\n<\/tr>\n<tr>\n<td class=\"text-left\">Pressione sulla spazzola (kg)<\/td>\n<td class=\"text-right\">40<\/td>\n<\/tr>\n<tr>\n<td class=\"text-left\">Serbatoio soluzione (l)<\/td>\n<td class=\"text-right\">25<\/td>\n<\/tr>\n<tr>\n<td class=\"text-left\">Serbatoio recupero (l)<\/td>\n<td class=\"text-right\">27<\/td>\n<\/tr>\n<tr>\n<td class=\"text-left\">Alimentazione\/trazione (V)<\/td>\n<td class=\"text-right\">24\/semi aut.<\/td>\n<\/tr>\n<tr>\n<td class=\"text-left\">Autonomia batterie (fino a h)<\/td>\n<td class=\"text-right\">3<\/td>\n<\/tr>\n<tr>\n<td class=\"text-left\">Dimensioni macchina (L x h x l) (mm)<\/td>\n<td class=\"text-right\">895 x 1215 x 530<\/td>\n<\/tr>\n<tr>\n<td class=\"text-left\">Larghezza tergipavimento (mm)<\/td>\n<td class=\"text-right\">516<\/td>\n<\/tr>\n<tr>\n<td class=\"text-left\">Peso macchina in lavoro (GVW) (kg)<\/td>\n<td class=\"text-right\">130<\/td>\n<\/tr>\n<tr class=\"last\">\n<td class=\"text-left\">Livello di pressione acustica (ISO 11201 \u2013 L<sub>pA<\/sub> &#8211; Eco mode dB (A))<\/td>\n<td class=\"text-right\">&lt;70<\/td>\n<\/tr>\n<\/tbody>\n<\/table>\n","protected":false},"excerpt":{"rendered":"<div class=\"col-md-6 col-lg-4 col-md-offset-3 col-lg-offset-4\">\n<div class=\"tab-container\">\n<div class=\"product-classifications\">\n<p><strong>BATTERIA AL LITIO<\/strong><br \/>\nLa batteria al litio eroga una potenza adeguata a seconda delle applicazioni.\u00a0 Puoi utilizzare GxL pi\u00f9 volte nella stessa giornata: per una ricarica fino all\u201980% \u00e8 sufficiente un\u2019ora. Per la carica al 100% sono necessarie 3 ore*.<\/p>\n<p>La batteria al litio \u00e8 perfetta per assicurarsi una maggiore disponibilit\u00e0 della macchina nell\u2019arco della giornata. Questo vantaggio aumenta ulteriormente quando gli interventi sono brevi e la batteria non viene scaricata completamente. La carica rimanente infatti va a sommarsi alla nuova ricarica, per cui bastano pochi minuti per avere la macchina nuovamente disponibile per un nuovo intervento.<\/p>\n<p>&nbsp;<\/p>\n<\/div>\n<\/div>\n<\/div>\n","protected":false},"featured_media":1154,"comment_status":"open","ping_status":"closed","template":"","meta":[],"product_brand":[],"product_cat":[118],"product_tag":[418,419,416,197],"class_list":{"0":"post-1485","1":"product","2":"type-product","3":"status-publish","4":"has-post-thumbnail","6":"product_cat-macchine-lavapavimenti","7":"product_tag-lavapavimenti-fimap","8":"product_tag-lavasciuga-batteria-a-litio","9":"product_tag-lavasciuga-pavimenti","10":"product_tag-macchina-lavapavimenti","12":"first","13":"instock","14":"sale","15":"taxable","16":"shipping-taxable","17":"purchasable","18":"product-type-simple"},"yoast_head":"<!-- This site is optimized with the Yoast SEO plugin v26.8 - https:\/\/yoast.com\/product\/yoast-seo-wordpress\/ -->\n<title>macchina lavasciuga pavimenti<\/title>\n<meta name=\"description\" content=\"Aspiratutto potente per aspirazione di polvere e liquidi con protezione totale del motore, guarnizione resistente e accessori pratici\" \/>\n<meta name=\"robots\" content=\"index, follow, max-snippet:-1, max-image-preview:large, max-video-preview:-1\" \/>\n<link rel=\"canonical\" href=\"https:\/\/gipiservice.com\/index.php\/prodotto\/gxl-pro-li-ion-standard-fimap\/\" \/>\n<meta property=\"og:locale\" content=\"it_IT\" \/>\n<meta property=\"og:type\" content=\"article\" \/>\n<meta property=\"og:title\" content=\"macchina lavasciuga pavimenti\" \/>\n<meta property=\"og:description\" content=\"Aspiratutto potente per aspirazione di polvere e liquidi con protezione totale del motore, guarnizione resistente e accessori pratici\" \/>\n<meta property=\"og:url\" content=\"https:\/\/gipiservice.com\/index.php\/prodotto\/gxl-pro-li-ion-standard-fimap\/\" \/>\n<meta property=\"og:site_name\" content=\"Gi.Pi Service Prodotti e macchine per la pulizia professionale\" \/>\n<meta property=\"article:modified_time\" content=\"2026-01-13T10:46:22+00:00\" \/>\n<meta property=\"og:image\" content=\"https:\/\/gipiservice.com\/wp-content\/uploads\/2026\/01\/gxl_pro_.jpg\" \/>\n\t<meta property=\"og:image:width\" content=\"2000\" \/>\n\t<meta property=\"og:image:height\" content=\"2000\" \/>\n\t<meta property=\"og:image:type\" content=\"image\/jpeg\" \/>\n<meta name=\"twitter:card\" content=\"summary_large_image\" \/>\n<meta name=\"twitter:label1\" content=\"Tempo di lettura stimato\" \/>\n\t<meta name=\"twitter:data1\" content=\"2 minuti\" \/>\n<script type=\"application\/ld+json\" class=\"yoast-schema-graph\">{\"@context\":\"https:\/\/schema.org\",\"@graph\":[{\"@type\":\"WebPage\",\"@id\":\"https:\/\/gipiservice.com\/index.php\/prodotto\/gxl-pro-li-ion-standard-fimap\/\",\"url\":\"https:\/\/gipiservice.com\/index.php\/prodotto\/gxl-pro-li-ion-standard-fimap\/\",\"name\":\"macchina lavasciuga pavimenti\",\"isPartOf\":{\"@id\":\"https:\/\/gipiservice.com\/#website\"},\"primaryImageOfPage\":{\"@id\":\"https:\/\/gipiservice.com\/index.php\/prodotto\/gxl-pro-li-ion-standard-fimap\/#primaryimage\"},\"image\":{\"@id\":\"https:\/\/gipiservice.com\/index.php\/prodotto\/gxl-pro-li-ion-standard-fimap\/#primaryimage\"},\"thumbnailUrl\":\"https:\/\/gipiservice.com\/wp-content\/uploads\/2026\/01\/gxl_pro_.jpg\",\"datePublished\":\"2026-01-13T10:46:12+00:00\",\"dateModified\":\"2026-01-13T10:46:22+00:00\",\"description\":\"Aspiratutto potente per aspirazione di polvere e liquidi con protezione totale del motore, guarnizione resistente e accessori pratici\",\"breadcrumb\":{\"@id\":\"https:\/\/gipiservice.com\/index.php\/prodotto\/gxl-pro-li-ion-standard-fimap\/#breadcrumb\"},\"inLanguage\":\"it-IT\",\"potentialAction\":[{\"@type\":\"ReadAction\",\"target\":[\"https:\/\/gipiservice.com\/index.php\/prodotto\/gxl-pro-li-ion-standard-fimap\/\"]}]},{\"@type\":\"ImageObject\",\"inLanguage\":\"it-IT\",\"@id\":\"https:\/\/gipiservice.com\/index.php\/prodotto\/gxl-pro-li-ion-standard-fimap\/#primaryimage\",\"url\":\"https:\/\/gipiservice.com\/wp-content\/uploads\/2026\/01\/gxl_pro_.jpg\",\"contentUrl\":\"https:\/\/gipiservice.com\/wp-content\/uploads\/2026\/01\/gxl_pro_.jpg\",\"width\":2000,\"height\":2000},{\"@type\":\"BreadcrumbList\",\"@id\":\"https:\/\/gipiservice.com\/index.php\/prodotto\/gxl-pro-li-ion-standard-fimap\/#breadcrumb\",\"itemListElement\":[{\"@type\":\"ListItem\",\"position\":1,\"name\":\"Home\",\"item\":\"https:\/\/gipiservice.com\/\"},{\"@type\":\"ListItem\",\"position\":2,\"name\":\"Shop\",\"item\":\"https:\/\/gipiservice.com\/index.php\/shop\/\"},{\"@type\":\"ListItem\",\"position\":3,\"name\":\"GxL PRO Li-ion STANDARD Fimap\"}]},{\"@type\":\"WebSite\",\"@id\":\"https:\/\/gipiservice.com\/#website\",\"url\":\"https:\/\/gipiservice.com\/\",\"name\":\"Gi.Pi Service Prodotti e macchine per la pulizia professionale\",\"description\":\"\",\"publisher\":{\"@id\":\"https:\/\/gipiservice.com\/#organization\"},\"potentialAction\":[{\"@type\":\"SearchAction\",\"target\":{\"@type\":\"EntryPoint\",\"urlTemplate\":\"https:\/\/gipiservice.com\/?s={search_term_string}\"},\"query-input\":{\"@type\":\"PropertyValueSpecification\",\"valueRequired\":true,\"valueName\":\"search_term_string\"}}],\"inLanguage\":\"it-IT\"},{\"@type\":\"Organization\",\"@id\":\"https:\/\/gipiservice.com\/#organization\",\"name\":\"Gi.Pi Service Prodotti e macchine per la pulizia professionale\",\"url\":\"https:\/\/gipiservice.com\/\",\"logo\":{\"@type\":\"ImageObject\",\"inLanguage\":\"it-IT\",\"@id\":\"https:\/\/gipiservice.com\/#\/schema\/logo\/image\/\",\"url\":\"https:\/\/gipiservice.com\/wp-content\/uploads\/2026\/01\/cropped-gipi-service-logo.webp\",\"contentUrl\":\"https:\/\/gipiservice.com\/wp-content\/uploads\/2026\/01\/cropped-gipi-service-logo.webp\",\"width\":183,\"height\":84,\"caption\":\"Gi.Pi Service Prodotti e macchine per la pulizia professionale\"},\"image\":{\"@id\":\"https:\/\/gipiservice.com\/#\/schema\/logo\/image\/\"}}]}<\/script>\n<!-- \/ Yoast SEO plugin. -->","yoast_head_json":{"title":"macchina lavasciuga pavimenti","description":"Aspiratutto potente per aspirazione di polvere e liquidi con protezione totale del motore, guarnizione resistente e accessori pratici","robots":{"index":"index","follow":"follow","max-snippet":"max-snippet:-1","max-image-preview":"max-image-preview:large","max-video-preview":"max-video-preview:-1"},"canonical":"https:\/\/gipiservice.com\/index.php\/prodotto\/gxl-pro-li-ion-standard-fimap\/","og_locale":"it_IT","og_type":"article","og_title":"macchina lavasciuga pavimenti","og_description":"Aspiratutto potente per aspirazione di polvere e liquidi con protezione totale del motore, guarnizione resistente e accessori pratici","og_url":"https:\/\/gipiservice.com\/index.php\/prodotto\/gxl-pro-li-ion-standard-fimap\/","og_site_name":"Gi.Pi Service Prodotti e macchine per la pulizia professionale","article_modified_time":"2026-01-13T10:46:22+00:00","og_image":[{"width":2000,"height":2000,"url":"https:\/\/gipiservice.com\/wp-content\/uploads\/2026\/01\/gxl_pro_.jpg","type":"image\/jpeg"}],"twitter_card":"summary_large_image","twitter_misc":{"Tempo di lettura stimato":"2 minuti"},"schema":{"@context":"https:\/\/schema.org","@graph":[{"@type":"WebPage","@id":"https:\/\/gipiservice.com\/index.php\/prodotto\/gxl-pro-li-ion-standard-fimap\/","url":"https:\/\/gipiservice.com\/index.php\/prodotto\/gxl-pro-li-ion-standard-fimap\/","name":"macchina lavasciuga pavimenti","isPartOf":{"@id":"https:\/\/gipiservice.com\/#website"},"primaryImageOfPage":{"@id":"https:\/\/gipiservice.com\/index.php\/prodotto\/gxl-pro-li-ion-standard-fimap\/#primaryimage"},"image":{"@id":"https:\/\/gipiservice.com\/index.php\/prodotto\/gxl-pro-li-ion-standard-fimap\/#primaryimage"},"thumbnailUrl":"https:\/\/gipiservice.com\/wp-content\/uploads\/2026\/01\/gxl_pro_.jpg","datePublished":"2026-01-13T10:46:12+00:00","dateModified":"2026-01-13T10:46:22+00:00","description":"Aspiratutto potente per aspirazione di polvere e liquidi con protezione totale del motore, guarnizione resistente e accessori pratici","breadcrumb":{"@id":"https:\/\/gipiservice.com\/index.php\/prodotto\/gxl-pro-li-ion-standard-fimap\/#breadcrumb"},"inLanguage":"it-IT","potentialAction":[{"@type":"ReadAction","target":["https:\/\/gipiservice.com\/index.php\/prodotto\/gxl-pro-li-ion-standard-fimap\/"]}]},{"@type":"ImageObject","inLanguage":"it-IT","@id":"https:\/\/gipiservice.com\/index.php\/prodotto\/gxl-pro-li-ion-standard-fimap\/#primaryimage","url":"https:\/\/gipiservice.com\/wp-content\/uploads\/2026\/01\/gxl_pro_.jpg","contentUrl":"https:\/\/gipiservice.com\/wp-content\/uploads\/2026\/01\/gxl_pro_.jpg","width":2000,"height":2000},{"@type":"BreadcrumbList","@id":"https:\/\/gipiservice.com\/index.php\/prodotto\/gxl-pro-li-ion-standard-fimap\/#breadcrumb","itemListElement":[{"@type":"ListItem","position":1,"name":"Home","item":"https:\/\/gipiservice.com\/"},{"@type":"ListItem","position":2,"name":"Shop","item":"https:\/\/gipiservice.com\/index.php\/shop\/"},{"@type":"ListItem","position":3,"name":"GxL PRO Li-ion STANDARD Fimap"}]},{"@type":"WebSite","@id":"https:\/\/gipiservice.com\/#website","url":"https:\/\/gipiservice.com\/","name":"Gi.Pi Service Prodotti e macchine per la pulizia professionale","description":"","publisher":{"@id":"https:\/\/gipiservice.com\/#organization"},"potentialAction":[{"@type":"SearchAction","target":{"@type":"EntryPoint","urlTemplate":"https:\/\/gipiservice.com\/?s={search_term_string}"},"query-input":{"@type":"PropertyValueSpecification","valueRequired":true,"valueName":"search_term_string"}}],"inLanguage":"it-IT"},{"@type":"Organization","@id":"https:\/\/gipiservice.com\/#organization","name":"Gi.Pi Service Prodotti e macchine per la pulizia professionale","url":"https:\/\/gipiservice.com\/","logo":{"@type":"ImageObject","inLanguage":"it-IT","@id":"https:\/\/gipiservice.com\/#\/schema\/logo\/image\/","url":"https:\/\/gipiservice.com\/wp-content\/uploads\/2026\/01\/cropped-gipi-service-logo.webp","contentUrl":"https:\/\/gipiservice.com\/wp-content\/uploads\/2026\/01\/cropped-gipi-service-logo.webp","width":183,"height":84,"caption":"Gi.Pi Service Prodotti e macchine per la pulizia professionale"},"image":{"@id":"https:\/\/gipiservice.com\/#\/schema\/logo\/image\/"}}]}},"jetpack_sharing_enabled":true,"_links":{"self":[{"href":"https:\/\/gipiservice.com\/index.php\/wp-json\/wp\/v2\/product\/1485","targetHints":{"allow":["GET"]}}],"collection":[{"href":"https:\/\/gipiservice.com\/index.php\/wp-json\/wp\/v2\/product"}],"about":[{"href":"https:\/\/gipiservice.com\/index.php\/wp-json\/wp\/v2\/types\/product"}],"replies":[{"embeddable":true,"href":"https:\/\/gipiservice.com\/index.php\/wp-json\/wp\/v2\/comments?post=1485"}],"wp:featuredmedia":[{"embeddable":true,"href":"https:\/\/gipiservice.com\/index.php\/wp-json\/wp\/v2\/media\/1154"}],"wp:attachment":[{"href":"https:\/\/gipiservice.com\/index.php\/wp-json\/wp\/v2\/media?parent=1485"}],"wp:term":[{"taxonomy":"product_brand","embeddable":true,"href":"https:\/\/gipiservice.com\/index.php\/wp-json\/wp\/v2\/product_brand?post=1485"},{"taxonomy":"product_cat","embeddable":true,"href":"https:\/\/gipiservice.com\/index.php\/wp-json\/wp\/v2\/product_cat?post=1485"},{"taxonomy":"product_tag","embeddable":true,"href":"https:\/\/gipiservice.com\/index.php\/wp-json\/wp\/v2\/product_tag?post=1485"}],"curies":[{"name":"wp","href":"https:\/\/api.w.org\/{rel}","templated":true}]}}