{"id":1496,"date":"2026-01-13T10:46:13","date_gmt":"2026-01-13T10:46:13","guid":{"rendered":"https:\/\/staging.gipiservice.com\/?post_type=product&#038;p=1496"},"modified":"2026-01-13T10:46:27","modified_gmt":"2026-01-13T10:46:27","slug":"imx-b-standard-fimap","status":"publish","type":"product","link":"https:\/\/gipiservice.com\/index.php\/prodotto\/imx-b-standard-fimap\/","title":{"rendered":"iMx B STANDARD Fimap"},"content":{"rendered":"<p><iframe title=\"iMx\" width=\"1140\" height=\"641\" src=\"https:\/\/www.youtube.com\/embed\/S7SVl4lhSiM?feature=oembed\" frameborder=\"0\" allow=\"accelerometer; autoplay; clipboard-write; encrypted-media; gyroscope; picture-in-picture; web-share\" referrerpolicy=\"strict-origin-when-cross-origin\" allowfullscreen><\/iframe><\/p>\n<h4><em>Completa di:\u00a0 Batterie Gel, Caricabatterie a bordo, Disco Trascinatore, Spazzola PPL 0,6<\/em><\/h4>\n<h3>La qualit\u00e0 prende forma<\/h3>\n<p>Nata con l\u2019obiettivo di offrire una elevata qualit\u00e0 e versatilit\u00e0 nelle applicazioni, la lavasciuga pavimenti iMx rappresenta un nuovo modo di concepire il prodotto, dentro e fuori. Internamente \u00e8 dotata di una robusta struttura in alluminio, esternamente \u00e8 il risultato della perfetta combinazione tra estetica, ergonomia e funzionalit\u00e0. Ogni dettaglio \u00e8 stato curato con lo scopo di facilitare l\u2019approccio dell\u2019utilizzatore con la macchina, agevolandone i movimenti e di renderla ancora pi\u00f9 robusta ed affidabile.<\/p>\n<p>Trazione semi-automatica, realizzata nella versione monospazzola da 51 cm.<\/p>\n<p><strong>\u00c8 una lavasciuga pavimenti ideale per pulire scuole, supermercati, depositi, show room, autofficine, ambienti sanitari, centri sportivi e hotel.<\/strong><\/p>\n<table class=\"table techdata\" style=\"height: 288px;\" width=\"847\">\n<tbody>\n<tr>\n<td class=\"text-left\">Larghezza lavoro (mm)<\/td>\n<td class=\"text-right\">510<\/td>\n<\/tr>\n<tr>\n<td class=\"text-left\">Pressione sulla spazzola (kg)<\/td>\n<td class=\"text-right\">27<\/td>\n<\/tr>\n<tr>\n<td class=\"text-left\">Serbatoio soluzione (l)<\/td>\n<td class=\"text-right\">40<\/td>\n<\/tr>\n<tr>\n<td class=\"text-left\">Serbatoio recupero (l)<\/td>\n<td class=\"text-right\">40<\/td>\n<\/tr>\n<tr>\n<td class=\"text-left\">Alimentazione\/trazione (V)<\/td>\n<td class=\"text-right\">24\/semi aut.<\/td>\n<\/tr>\n<tr>\n<td class=\"text-left\">Autonomia batterie (fino a h)<\/td>\n<td class=\"text-right\">3,4<\/td>\n<\/tr>\n<tr>\n<td class=\"text-left\">Dimensioni macchina (L x h x l) (mm)<\/td>\n<td class=\"text-right\">1181 x 1030 x 591<\/td>\n<\/tr>\n<tr>\n<td class=\"text-left\">Larghezza tergipavimento (mm)<\/td>\n<td class=\"text-right\">705<\/td>\n<\/tr>\n<tr>\n<td class=\"text-left\">Peso macchina in lavoro (GVW) (kg)<\/td>\n<td class=\"text-right\">168<\/td>\n<\/tr>\n<tr class=\"last\">\n<td class=\"text-left\">Livello di pressione acustica (ISO 11201 \u2013 L<sub>pA<\/sub> &#8211; dB (A))<\/td>\n<td class=\"text-right\">52,9<\/td>\n<\/tr>\n<\/tbody>\n<\/table>\n","protected":false},"excerpt":{"rendered":"<p>Nata con l\u2019obiettivo di offrire una elevata qualit\u00e0 e versatilit\u00e0 nelle applicazioni, la lavasciuga pavimenti iMx rappresenta un nuovo modo di concepire il prodotto, dentro e fuori. Internamente \u00e8 dotata di una robusta struttura in alluminio, esternamente \u00e8 il risultato della perfetta combinazione tra estetica, ergonomia e funzionalit\u00e0. Ogni dettaglio \u00e8 stato curato con lo scopo di facilitare l\u2019approccio dell\u2019utilizzatore con la macchina, agevolandone i movimenti e di renderla ancora pi\u00f9 robusta ed affidabile.<\/p>\n<p>\u00c8 disponibile con alimentazione a batterie e trazione semi-automatica o automatica, realizzata nella versione monospazzola da 51 cm.<\/p>\n<p>\u00c8 una lavasciuga pavimenti ideale per pulire scuole, supermercati, depositi, show room, autofficine, ambienti sanitari, centri sportivi e hotel.<\/p>\n","protected":false},"featured_media":1510,"comment_status":"open","ping_status":"closed","template":"","meta":[],"product_brand":[],"product_cat":[118],"product_tag":[416,197,417],"class_list":{"0":"post-1496","1":"product","2":"type-product","3":"status-publish","4":"has-post-thumbnail","6":"product_cat-macchine-lavapavimenti","7":"product_tag-lavasciuga-pavimenti","8":"product_tag-macchina-lavapavimenti","9":"product_tag-macchina-lavasciuga","11":"first","12":"instock","13":"sale","14":"taxable","15":"shipping-taxable","16":"purchasable","17":"product-type-simple"},"yoast_head":"<!-- This site is optimized with the Yoast SEO plugin v26.8 - https:\/\/yoast.com\/product\/yoast-seo-wordpress\/ -->\n<title>macchina lavasciuga pavimenti<\/title>\n<meta name=\"description\" content=\"Lavasciuga pavimenti iMx: qualit\u00e0, versatilit\u00e0 e solidit\u00e0 in ogni dettaglio. Ideale per ambienti vari e di grandi dimensioni\" \/>\n<meta name=\"robots\" content=\"index, follow, max-snippet:-1, max-image-preview:large, max-video-preview:-1\" \/>\n<link rel=\"canonical\" href=\"https:\/\/gipiservice.com\/index.php\/prodotto\/imx-b-standard-fimap\/\" \/>\n<meta property=\"og:locale\" content=\"it_IT\" \/>\n<meta property=\"og:type\" content=\"article\" \/>\n<meta property=\"og:title\" content=\"macchina lavasciuga pavimenti\" \/>\n<meta property=\"og:description\" content=\"Lavasciuga pavimenti iMx: qualit\u00e0, versatilit\u00e0 e solidit\u00e0 in ogni dettaglio. Ideale per ambienti vari e di grandi dimensioni\" \/>\n<meta property=\"og:url\" content=\"https:\/\/gipiservice.com\/index.php\/prodotto\/imx-b-standard-fimap\/\" \/>\n<meta property=\"og:site_name\" content=\"Gi.Pi Service Prodotti e macchine per la pulizia professionale\" \/>\n<meta property=\"article:modified_time\" content=\"2026-01-13T10:46:27+00:00\" \/>\n<meta property=\"og:image\" content=\"https:\/\/gipiservice.com\/wp-content\/uploads\/2026\/01\/imx_2000x2000px-e1670349755366.jpg\" \/>\n\t<meta property=\"og:image:width\" content=\"1465\" \/>\n\t<meta property=\"og:image:height\" content=\"1555\" \/>\n\t<meta property=\"og:image:type\" content=\"image\/jpeg\" \/>\n<meta name=\"twitter:card\" content=\"summary_large_image\" \/>\n<meta name=\"twitter:label1\" content=\"Tempo di lettura stimato\" \/>\n\t<meta name=\"twitter:data1\" content=\"1 minuto\" \/>\n<script type=\"application\/ld+json\" class=\"yoast-schema-graph\">{\"@context\":\"https:\/\/schema.org\",\"@graph\":[{\"@type\":\"WebPage\",\"@id\":\"https:\/\/gipiservice.com\/index.php\/prodotto\/imx-b-standard-fimap\/\",\"url\":\"https:\/\/gipiservice.com\/index.php\/prodotto\/imx-b-standard-fimap\/\",\"name\":\"macchina lavasciuga pavimenti\",\"isPartOf\":{\"@id\":\"https:\/\/gipiservice.com\/#website\"},\"primaryImageOfPage\":{\"@id\":\"https:\/\/gipiservice.com\/index.php\/prodotto\/imx-b-standard-fimap\/#primaryimage\"},\"image\":{\"@id\":\"https:\/\/gipiservice.com\/index.php\/prodotto\/imx-b-standard-fimap\/#primaryimage\"},\"thumbnailUrl\":\"https:\/\/gipiservice.com\/wp-content\/uploads\/2026\/01\/imx_2000x2000px-e1670349755366.jpg\",\"datePublished\":\"2026-01-13T10:46:13+00:00\",\"dateModified\":\"2026-01-13T10:46:27+00:00\",\"description\":\"Lavasciuga pavimenti iMx: qualit\u00e0, versatilit\u00e0 e solidit\u00e0 in ogni dettaglio. Ideale per ambienti vari e di grandi dimensioni\",\"breadcrumb\":{\"@id\":\"https:\/\/gipiservice.com\/index.php\/prodotto\/imx-b-standard-fimap\/#breadcrumb\"},\"inLanguage\":\"it-IT\",\"potentialAction\":[{\"@type\":\"ReadAction\",\"target\":[\"https:\/\/gipiservice.com\/index.php\/prodotto\/imx-b-standard-fimap\/\"]}]},{\"@type\":\"ImageObject\",\"inLanguage\":\"it-IT\",\"@id\":\"https:\/\/gipiservice.com\/index.php\/prodotto\/imx-b-standard-fimap\/#primaryimage\",\"url\":\"https:\/\/gipiservice.com\/wp-content\/uploads\/2026\/01\/imx_2000x2000px-e1670349755366.jpg\",\"contentUrl\":\"https:\/\/gipiservice.com\/wp-content\/uploads\/2026\/01\/imx_2000x2000px-e1670349755366.jpg\",\"width\":1465,\"height\":1555},{\"@type\":\"BreadcrumbList\",\"@id\":\"https:\/\/gipiservice.com\/index.php\/prodotto\/imx-b-standard-fimap\/#breadcrumb\",\"itemListElement\":[{\"@type\":\"ListItem\",\"position\":1,\"name\":\"Home\",\"item\":\"https:\/\/gipiservice.com\/\"},{\"@type\":\"ListItem\",\"position\":2,\"name\":\"Shop\",\"item\":\"https:\/\/gipiservice.com\/index.php\/shop\/\"},{\"@type\":\"ListItem\",\"position\":3,\"name\":\"iMx B STANDARD Fimap\"}]},{\"@type\":\"WebSite\",\"@id\":\"https:\/\/gipiservice.com\/#website\",\"url\":\"https:\/\/gipiservice.com\/\",\"name\":\"Gi.Pi Service Prodotti e macchine per la pulizia professionale\",\"description\":\"\",\"publisher\":{\"@id\":\"https:\/\/gipiservice.com\/#organization\"},\"potentialAction\":[{\"@type\":\"SearchAction\",\"target\":{\"@type\":\"EntryPoint\",\"urlTemplate\":\"https:\/\/gipiservice.com\/?s={search_term_string}\"},\"query-input\":{\"@type\":\"PropertyValueSpecification\",\"valueRequired\":true,\"valueName\":\"search_term_string\"}}],\"inLanguage\":\"it-IT\"},{\"@type\":\"Organization\",\"@id\":\"https:\/\/gipiservice.com\/#organization\",\"name\":\"Gi.Pi Service Prodotti e macchine per la pulizia professionale\",\"url\":\"https:\/\/gipiservice.com\/\",\"logo\":{\"@type\":\"ImageObject\",\"inLanguage\":\"it-IT\",\"@id\":\"https:\/\/gipiservice.com\/#\/schema\/logo\/image\/\",\"url\":\"https:\/\/gipiservice.com\/wp-content\/uploads\/2026\/01\/cropped-gipi-service-logo.webp\",\"contentUrl\":\"https:\/\/gipiservice.com\/wp-content\/uploads\/2026\/01\/cropped-gipi-service-logo.webp\",\"width\":183,\"height\":84,\"caption\":\"Gi.Pi Service Prodotti e macchine per la pulizia professionale\"},\"image\":{\"@id\":\"https:\/\/gipiservice.com\/#\/schema\/logo\/image\/\"}}]}<\/script>\n<!-- \/ Yoast SEO plugin. -->","yoast_head_json":{"title":"macchina lavasciuga pavimenti","description":"Lavasciuga pavimenti iMx: qualit\u00e0, versatilit\u00e0 e solidit\u00e0 in ogni dettaglio. Ideale per ambienti vari e di grandi dimensioni","robots":{"index":"index","follow":"follow","max-snippet":"max-snippet:-1","max-image-preview":"max-image-preview:large","max-video-preview":"max-video-preview:-1"},"canonical":"https:\/\/gipiservice.com\/index.php\/prodotto\/imx-b-standard-fimap\/","og_locale":"it_IT","og_type":"article","og_title":"macchina lavasciuga pavimenti","og_description":"Lavasciuga pavimenti iMx: qualit\u00e0, versatilit\u00e0 e solidit\u00e0 in ogni dettaglio. Ideale per ambienti vari e di grandi dimensioni","og_url":"https:\/\/gipiservice.com\/index.php\/prodotto\/imx-b-standard-fimap\/","og_site_name":"Gi.Pi Service Prodotti e macchine per la pulizia professionale","article_modified_time":"2026-01-13T10:46:27+00:00","og_image":[{"width":1465,"height":1555,"url":"https:\/\/gipiservice.com\/wp-content\/uploads\/2026\/01\/imx_2000x2000px-e1670349755366.jpg","type":"image\/jpeg"}],"twitter_card":"summary_large_image","twitter_misc":{"Tempo di lettura stimato":"1 minuto"},"schema":{"@context":"https:\/\/schema.org","@graph":[{"@type":"WebPage","@id":"https:\/\/gipiservice.com\/index.php\/prodotto\/imx-b-standard-fimap\/","url":"https:\/\/gipiservice.com\/index.php\/prodotto\/imx-b-standard-fimap\/","name":"macchina lavasciuga pavimenti","isPartOf":{"@id":"https:\/\/gipiservice.com\/#website"},"primaryImageOfPage":{"@id":"https:\/\/gipiservice.com\/index.php\/prodotto\/imx-b-standard-fimap\/#primaryimage"},"image":{"@id":"https:\/\/gipiservice.com\/index.php\/prodotto\/imx-b-standard-fimap\/#primaryimage"},"thumbnailUrl":"https:\/\/gipiservice.com\/wp-content\/uploads\/2026\/01\/imx_2000x2000px-e1670349755366.jpg","datePublished":"2026-01-13T10:46:13+00:00","dateModified":"2026-01-13T10:46:27+00:00","description":"Lavasciuga pavimenti iMx: qualit\u00e0, versatilit\u00e0 e solidit\u00e0 in ogni dettaglio. Ideale per ambienti vari e di grandi dimensioni","breadcrumb":{"@id":"https:\/\/gipiservice.com\/index.php\/prodotto\/imx-b-standard-fimap\/#breadcrumb"},"inLanguage":"it-IT","potentialAction":[{"@type":"ReadAction","target":["https:\/\/gipiservice.com\/index.php\/prodotto\/imx-b-standard-fimap\/"]}]},{"@type":"ImageObject","inLanguage":"it-IT","@id":"https:\/\/gipiservice.com\/index.php\/prodotto\/imx-b-standard-fimap\/#primaryimage","url":"https:\/\/gipiservice.com\/wp-content\/uploads\/2026\/01\/imx_2000x2000px-e1670349755366.jpg","contentUrl":"https:\/\/gipiservice.com\/wp-content\/uploads\/2026\/01\/imx_2000x2000px-e1670349755366.jpg","width":1465,"height":1555},{"@type":"BreadcrumbList","@id":"https:\/\/gipiservice.com\/index.php\/prodotto\/imx-b-standard-fimap\/#breadcrumb","itemListElement":[{"@type":"ListItem","position":1,"name":"Home","item":"https:\/\/gipiservice.com\/"},{"@type":"ListItem","position":2,"name":"Shop","item":"https:\/\/gipiservice.com\/index.php\/shop\/"},{"@type":"ListItem","position":3,"name":"iMx B STANDARD Fimap"}]},{"@type":"WebSite","@id":"https:\/\/gipiservice.com\/#website","url":"https:\/\/gipiservice.com\/","name":"Gi.Pi Service Prodotti e macchine per la pulizia professionale","description":"","publisher":{"@id":"https:\/\/gipiservice.com\/#organization"},"potentialAction":[{"@type":"SearchAction","target":{"@type":"EntryPoint","urlTemplate":"https:\/\/gipiservice.com\/?s={search_term_string}"},"query-input":{"@type":"PropertyValueSpecification","valueRequired":true,"valueName":"search_term_string"}}],"inLanguage":"it-IT"},{"@type":"Organization","@id":"https:\/\/gipiservice.com\/#organization","name":"Gi.Pi Service Prodotti e macchine per la pulizia professionale","url":"https:\/\/gipiservice.com\/","logo":{"@type":"ImageObject","inLanguage":"it-IT","@id":"https:\/\/gipiservice.com\/#\/schema\/logo\/image\/","url":"https:\/\/gipiservice.com\/wp-content\/uploads\/2026\/01\/cropped-gipi-service-logo.webp","contentUrl":"https:\/\/gipiservice.com\/wp-content\/uploads\/2026\/01\/cropped-gipi-service-logo.webp","width":183,"height":84,"caption":"Gi.Pi Service Prodotti e macchine per la pulizia professionale"},"image":{"@id":"https:\/\/gipiservice.com\/#\/schema\/logo\/image\/"}}]}},"jetpack_sharing_enabled":true,"_links":{"self":[{"href":"https:\/\/gipiservice.com\/index.php\/wp-json\/wp\/v2\/product\/1496","targetHints":{"allow":["GET"]}}],"collection":[{"href":"https:\/\/gipiservice.com\/index.php\/wp-json\/wp\/v2\/product"}],"about":[{"href":"https:\/\/gipiservice.com\/index.php\/wp-json\/wp\/v2\/types\/product"}],"replies":[{"embeddable":true,"href":"https:\/\/gipiservice.com\/index.php\/wp-json\/wp\/v2\/comments?post=1496"}],"wp:featuredmedia":[{"embeddable":true,"href":"https:\/\/gipiservice.com\/index.php\/wp-json\/wp\/v2\/media\/1510"}],"wp:attachment":[{"href":"https:\/\/gipiservice.com\/index.php\/wp-json\/wp\/v2\/media?parent=1496"}],"wp:term":[{"taxonomy":"product_brand","embeddable":true,"href":"https:\/\/gipiservice.com\/index.php\/wp-json\/wp\/v2\/product_brand?post=1496"},{"taxonomy":"product_cat","embeddable":true,"href":"https:\/\/gipiservice.com\/index.php\/wp-json\/wp\/v2\/product_cat?post=1496"},{"taxonomy":"product_tag","embeddable":true,"href":"https:\/\/gipiservice.com\/index.php\/wp-json\/wp\/v2\/product_tag?post=1496"}],"curies":[{"name":"wp","href":"https:\/\/api.w.org\/{rel}","templated":true}]}}