{"id":1524,"date":"2026-01-13T10:47:14","date_gmt":"2026-01-13T10:47:14","guid":{"rendered":"https:\/\/staging.gipiservice.com\/?post_type=product&#038;p=1524"},"modified":"2026-01-13T10:47:18","modified_gmt":"2026-01-13T10:47:18","slug":"o-143-s-10-monospazzola-orbitale","status":"publish","type":"product","link":"https:\/\/gipiservice.com\/index.php\/prodotto\/o-143-s-10-monospazzola-orbitale\/","title":{"rendered":"O 143 S 10  Monospazzola Orbitale"},"content":{"rendered":"<p>O 143 S 10 \u00e8 la monospazzola orbitale pi\u00f9 leggera della famiglia Ghibli &amp; Wirbel. Estremamente pratica e maneggevole (solo 43 kg di peso), \u00e8 adatta per svolgere tutte le operazioni pi\u00f9 comuni di pulizia quotidiana: lavaggio, deceratura, spray cleaning, lucidatura e shampoonatura. O 143 S 10 \u00e8 ideale anche per la pulizia di moquette e tappeti. Minori consumi di acqua e detergente garantiti! Grazie al movimento orbitale, la soluzione pulente viene trattenuta al di sotto del disco trascinatore, consentendo un notevole risparmio ed una maggiore produttivit\u00e0. La testata oscillante si adatta a tutte le superfici e permette di lavorare agevolmente anche su pavimentazioni irregolari riducendo al minimo lo sforzo dell\u2019operatore. Gli accessori disponibili e le ruote antitraccia, poggiate a terra, rendono il lavoro semplice ed efficace. Sfruttando il principio roto-orbitale con oscillazioni ad alta frequenza, O 143 sorprende per le basse vibrazioni e per l\u2019ottima stabilit\u00e0 e manovrabilit\u00e0. Il manico, combinato con il telaio robusto e compatto, le grandi ruote ed il peso decisamente ridotto rendono questa monospazzola orbitale una macchina resistente ma allo stesso tempo facile da utilizzare e trasportare.<\/p>\n<p>CARATTERISTICHE TECNICHE<br \/>\nAmpiezza di lavoro &#8211; \u00f8 spazzole<br \/>\n    mm430<br \/>\nOscillazioni per minuto<br \/>\n    n.1500<br \/>\nTensione<br \/>\n    V220 &#8211; 240<br \/>\nFrequenza<br \/>\n    Hz50<br \/>\nPotenza motore spazzola<br \/>\n    W1000<br \/>\nPressione spazzola<br \/>\n    g\/cm\u00b225,6<br \/>\nAltezza passaggio motore<br \/>\n    mm270<br \/>\nPresa per aspirazione a secco<br \/>\n    s\u00ec<br \/>\nRumorosit\u00e0<br \/>\n    dbA&lt;54<br \/>\nTrasmissione<br \/>\n    diretta<br \/>\nCodice IP<br \/>\n    IPX4<br \/>\nLunghezza cavo<br \/>\n    m12<br \/>\nPeso (senza accessori)<br \/>\n    Kg43,2<br \/>\nDimensioni<br \/>\n    mm1200x730x450<\/p>\n","protected":false},"excerpt":{"rendered":"<p>O 143 S 10 \u00e8 la monospazzola orbitale pi\u00f9 leggera della famiglia Ghibli &amp; Wirbel. Estremamente pratica e maneggevole, \u00e8 adatta per svolgere tutte le operazioni pi\u00f9 comuni di pulizia quotidiana: lavaggio, deceratura, spray cleaning, lucidatura e shampoonatura.<\/p>\n","protected":false},"featured_media":1545,"comment_status":"open","ping_status":"closed","template":"","meta":[],"product_brand":[],"product_cat":[187],"product_tag":[426,427],"class_list":{"0":"post-1524","1":"product","2":"type-product","3":"status-publish","4":"has-post-thumbnail","6":"product_cat-monospazzole","7":"product_tag-monospazzola-orbitale","8":"product_tag-monospazzola-pavimenti","10":"first","11":"instock","12":"sale","13":"taxable","14":"shipping-taxable","15":"purchasable","16":"product-type-simple"},"yoast_head":"<!-- This site is optimized with the Yoast SEO plugin v26.8 - https:\/\/yoast.com\/product\/yoast-seo-wordpress\/ -->\n<title>Mcchina Monospazzola Orbitale<\/title>\n<meta name=\"robots\" content=\"index, follow, max-snippet:-1, max-image-preview:large, max-video-preview:-1\" \/>\n<link rel=\"canonical\" href=\"https:\/\/gipiservice.com\/index.php\/prodotto\/o-143-s-10-monospazzola-orbitale\/\" \/>\n<meta property=\"og:locale\" content=\"it_IT\" \/>\n<meta property=\"og:type\" content=\"article\" \/>\n<meta property=\"og:title\" content=\"Mcchina Monospazzola Orbitale\" \/>\n<meta property=\"og:description\" content=\"O 143 S 10 \u00e8 la monospazzola orbitale pi\u00f9 leggera della famiglia Ghibli &amp; Wirbel. Estremamente pratica e maneggevole, \u00e8 adatta per svolgere tutte le operazioni pi\u00f9 comuni di pulizia quotidiana: lavaggio, deceratura, spray cleaning, lucidatura e shampoonatura.\" \/>\n<meta property=\"og:url\" content=\"https:\/\/gipiservice.com\/index.php\/prodotto\/o-143-s-10-monospazzola-orbitale\/\" \/>\n<meta property=\"og:site_name\" content=\"Gi.Pi Service Prodotti e macchine per la pulizia professionale\" \/>\n<meta property=\"article:modified_time\" content=\"2026-01-13T10:47:18+00:00\" \/>\n<meta property=\"og:image\" content=\"https:\/\/gipiservice.com\/wp-content\/uploads\/2026\/01\/O_143_S_10_1-e1670839044131.jpg\" \/>\n\t<meta property=\"og:image:width\" content=\"572\" \/>\n\t<meta property=\"og:image:height\" content=\"797\" \/>\n\t<meta property=\"og:image:type\" content=\"image\/jpeg\" \/>\n<meta name=\"twitter:card\" content=\"summary_large_image\" \/>\n<script type=\"application\/ld+json\" class=\"yoast-schema-graph\">{\"@context\":\"https:\/\/schema.org\",\"@graph\":[{\"@type\":\"WebPage\",\"@id\":\"https:\/\/gipiservice.com\/index.php\/prodotto\/o-143-s-10-monospazzola-orbitale\/\",\"url\":\"https:\/\/gipiservice.com\/index.php\/prodotto\/o-143-s-10-monospazzola-orbitale\/\",\"name\":\"Mcchina Monospazzola Orbitale\",\"isPartOf\":{\"@id\":\"https:\/\/gipiservice.com\/#website\"},\"primaryImageOfPage\":{\"@id\":\"https:\/\/gipiservice.com\/index.php\/prodotto\/o-143-s-10-monospazzola-orbitale\/#primaryimage\"},\"image\":{\"@id\":\"https:\/\/gipiservice.com\/index.php\/prodotto\/o-143-s-10-monospazzola-orbitale\/#primaryimage\"},\"thumbnailUrl\":\"https:\/\/gipiservice.com\/wp-content\/uploads\/2026\/01\/O_143_S_10_1-e1670839044131.jpg\",\"datePublished\":\"2026-01-13T10:47:14+00:00\",\"dateModified\":\"2026-01-13T10:47:18+00:00\",\"breadcrumb\":{\"@id\":\"https:\/\/gipiservice.com\/index.php\/prodotto\/o-143-s-10-monospazzola-orbitale\/#breadcrumb\"},\"inLanguage\":\"it-IT\",\"potentialAction\":[{\"@type\":\"ReadAction\",\"target\":[\"https:\/\/gipiservice.com\/index.php\/prodotto\/o-143-s-10-monospazzola-orbitale\/\"]}]},{\"@type\":\"ImageObject\",\"inLanguage\":\"it-IT\",\"@id\":\"https:\/\/gipiservice.com\/index.php\/prodotto\/o-143-s-10-monospazzola-orbitale\/#primaryimage\",\"url\":\"https:\/\/gipiservice.com\/wp-content\/uploads\/2026\/01\/O_143_S_10_1-e1670839044131.jpg\",\"contentUrl\":\"https:\/\/gipiservice.com\/wp-content\/uploads\/2026\/01\/O_143_S_10_1-e1670839044131.jpg\",\"width\":572,\"height\":797},{\"@type\":\"BreadcrumbList\",\"@id\":\"https:\/\/gipiservice.com\/index.php\/prodotto\/o-143-s-10-monospazzola-orbitale\/#breadcrumb\",\"itemListElement\":[{\"@type\":\"ListItem\",\"position\":1,\"name\":\"Home\",\"item\":\"https:\/\/gipiservice.com\/\"},{\"@type\":\"ListItem\",\"position\":2,\"name\":\"Shop\",\"item\":\"https:\/\/gipiservice.com\/index.php\/shop\/\"},{\"@type\":\"ListItem\",\"position\":3,\"name\":\"O 143 S 10 Monospazzola Orbitale\"}]},{\"@type\":\"WebSite\",\"@id\":\"https:\/\/gipiservice.com\/#website\",\"url\":\"https:\/\/gipiservice.com\/\",\"name\":\"Gi.Pi Service Prodotti e macchine per la pulizia professionale\",\"description\":\"\",\"publisher\":{\"@id\":\"https:\/\/gipiservice.com\/#organization\"},\"potentialAction\":[{\"@type\":\"SearchAction\",\"target\":{\"@type\":\"EntryPoint\",\"urlTemplate\":\"https:\/\/gipiservice.com\/?s={search_term_string}\"},\"query-input\":{\"@type\":\"PropertyValueSpecification\",\"valueRequired\":true,\"valueName\":\"search_term_string\"}}],\"inLanguage\":\"it-IT\"},{\"@type\":\"Organization\",\"@id\":\"https:\/\/gipiservice.com\/#organization\",\"name\":\"Gi.Pi Service Prodotti e macchine per la pulizia professionale\",\"url\":\"https:\/\/gipiservice.com\/\",\"logo\":{\"@type\":\"ImageObject\",\"inLanguage\":\"it-IT\",\"@id\":\"https:\/\/gipiservice.com\/#\/schema\/logo\/image\/\",\"url\":\"https:\/\/gipiservice.com\/wp-content\/uploads\/2026\/01\/cropped-gipi-service-logo.webp\",\"contentUrl\":\"https:\/\/gipiservice.com\/wp-content\/uploads\/2026\/01\/cropped-gipi-service-logo.webp\",\"width\":183,\"height\":84,\"caption\":\"Gi.Pi Service Prodotti e macchine per la pulizia professionale\"},\"image\":{\"@id\":\"https:\/\/gipiservice.com\/#\/schema\/logo\/image\/\"}}]}<\/script>\n<!-- \/ Yoast SEO plugin. -->","yoast_head_json":{"title":"Mcchina Monospazzola Orbitale","robots":{"index":"index","follow":"follow","max-snippet":"max-snippet:-1","max-image-preview":"max-image-preview:large","max-video-preview":"max-video-preview:-1"},"canonical":"https:\/\/gipiservice.com\/index.php\/prodotto\/o-143-s-10-monospazzola-orbitale\/","og_locale":"it_IT","og_type":"article","og_title":"Mcchina Monospazzola Orbitale","og_description":"O 143 S 10 \u00e8 la monospazzola orbitale pi\u00f9 leggera della famiglia Ghibli &amp; Wirbel. Estremamente pratica e maneggevole, \u00e8 adatta per svolgere tutte le operazioni pi\u00f9 comuni di pulizia quotidiana: lavaggio, deceratura, spray cleaning, lucidatura e shampoonatura.","og_url":"https:\/\/gipiservice.com\/index.php\/prodotto\/o-143-s-10-monospazzola-orbitale\/","og_site_name":"Gi.Pi Service Prodotti e macchine per la pulizia professionale","article_modified_time":"2026-01-13T10:47:18+00:00","og_image":[{"width":572,"height":797,"url":"https:\/\/gipiservice.com\/wp-content\/uploads\/2026\/01\/O_143_S_10_1-e1670839044131.jpg","type":"image\/jpeg"}],"twitter_card":"summary_large_image","schema":{"@context":"https:\/\/schema.org","@graph":[{"@type":"WebPage","@id":"https:\/\/gipiservice.com\/index.php\/prodotto\/o-143-s-10-monospazzola-orbitale\/","url":"https:\/\/gipiservice.com\/index.php\/prodotto\/o-143-s-10-monospazzola-orbitale\/","name":"Mcchina Monospazzola Orbitale","isPartOf":{"@id":"https:\/\/gipiservice.com\/#website"},"primaryImageOfPage":{"@id":"https:\/\/gipiservice.com\/index.php\/prodotto\/o-143-s-10-monospazzola-orbitale\/#primaryimage"},"image":{"@id":"https:\/\/gipiservice.com\/index.php\/prodotto\/o-143-s-10-monospazzola-orbitale\/#primaryimage"},"thumbnailUrl":"https:\/\/gipiservice.com\/wp-content\/uploads\/2026\/01\/O_143_S_10_1-e1670839044131.jpg","datePublished":"2026-01-13T10:47:14+00:00","dateModified":"2026-01-13T10:47:18+00:00","breadcrumb":{"@id":"https:\/\/gipiservice.com\/index.php\/prodotto\/o-143-s-10-monospazzola-orbitale\/#breadcrumb"},"inLanguage":"it-IT","potentialAction":[{"@type":"ReadAction","target":["https:\/\/gipiservice.com\/index.php\/prodotto\/o-143-s-10-monospazzola-orbitale\/"]}]},{"@type":"ImageObject","inLanguage":"it-IT","@id":"https:\/\/gipiservice.com\/index.php\/prodotto\/o-143-s-10-monospazzola-orbitale\/#primaryimage","url":"https:\/\/gipiservice.com\/wp-content\/uploads\/2026\/01\/O_143_S_10_1-e1670839044131.jpg","contentUrl":"https:\/\/gipiservice.com\/wp-content\/uploads\/2026\/01\/O_143_S_10_1-e1670839044131.jpg","width":572,"height":797},{"@type":"BreadcrumbList","@id":"https:\/\/gipiservice.com\/index.php\/prodotto\/o-143-s-10-monospazzola-orbitale\/#breadcrumb","itemListElement":[{"@type":"ListItem","position":1,"name":"Home","item":"https:\/\/gipiservice.com\/"},{"@type":"ListItem","position":2,"name":"Shop","item":"https:\/\/gipiservice.com\/index.php\/shop\/"},{"@type":"ListItem","position":3,"name":"O 143 S 10 Monospazzola Orbitale"}]},{"@type":"WebSite","@id":"https:\/\/gipiservice.com\/#website","url":"https:\/\/gipiservice.com\/","name":"Gi.Pi Service Prodotti e macchine per la pulizia professionale","description":"","publisher":{"@id":"https:\/\/gipiservice.com\/#organization"},"potentialAction":[{"@type":"SearchAction","target":{"@type":"EntryPoint","urlTemplate":"https:\/\/gipiservice.com\/?s={search_term_string}"},"query-input":{"@type":"PropertyValueSpecification","valueRequired":true,"valueName":"search_term_string"}}],"inLanguage":"it-IT"},{"@type":"Organization","@id":"https:\/\/gipiservice.com\/#organization","name":"Gi.Pi Service Prodotti e macchine per la pulizia professionale","url":"https:\/\/gipiservice.com\/","logo":{"@type":"ImageObject","inLanguage":"it-IT","@id":"https:\/\/gipiservice.com\/#\/schema\/logo\/image\/","url":"https:\/\/gipiservice.com\/wp-content\/uploads\/2026\/01\/cropped-gipi-service-logo.webp","contentUrl":"https:\/\/gipiservice.com\/wp-content\/uploads\/2026\/01\/cropped-gipi-service-logo.webp","width":183,"height":84,"caption":"Gi.Pi Service Prodotti e macchine per la pulizia professionale"},"image":{"@id":"https:\/\/gipiservice.com\/#\/schema\/logo\/image\/"}}]}},"jetpack_sharing_enabled":true,"_links":{"self":[{"href":"https:\/\/gipiservice.com\/index.php\/wp-json\/wp\/v2\/product\/1524","targetHints":{"allow":["GET"]}}],"collection":[{"href":"https:\/\/gipiservice.com\/index.php\/wp-json\/wp\/v2\/product"}],"about":[{"href":"https:\/\/gipiservice.com\/index.php\/wp-json\/wp\/v2\/types\/product"}],"replies":[{"embeddable":true,"href":"https:\/\/gipiservice.com\/index.php\/wp-json\/wp\/v2\/comments?post=1524"}],"wp:featuredmedia":[{"embeddable":true,"href":"https:\/\/gipiservice.com\/index.php\/wp-json\/wp\/v2\/media\/1545"}],"wp:attachment":[{"href":"https:\/\/gipiservice.com\/index.php\/wp-json\/wp\/v2\/media?parent=1524"}],"wp:term":[{"taxonomy":"product_brand","embeddable":true,"href":"https:\/\/gipiservice.com\/index.php\/wp-json\/wp\/v2\/product_brand?post=1524"},{"taxonomy":"product_cat","embeddable":true,"href":"https:\/\/gipiservice.com\/index.php\/wp-json\/wp\/v2\/product_cat?post=1524"},{"taxonomy":"product_tag","embeddable":true,"href":"https:\/\/gipiservice.com\/index.php\/wp-json\/wp\/v2\/product_tag?post=1524"}],"curies":[{"name":"wp","href":"https:\/\/api.w.org\/{rel}","templated":true}]}}