{"id":1599,"date":"2026-01-13T10:49:59","date_gmt":"2026-01-13T10:49:59","guid":{"rendered":"https:\/\/staging.gipiservice.com\/?post_type=product&#038;p=1599"},"modified":"2026-01-13T10:50:05","modified_gmt":"2026-01-13T10:50:05","slug":"frangia-multi-in-specialmix-grigio-e-microfibra-bianca","status":"publish","type":"product","link":"https:\/\/gipiservice.com\/index.php\/prodotto\/frangia-multi-in-specialmix-grigio-e-microfibra-bianca\/","title":{"rendered":"Frangia Multi in specialmix grigio e microfibra bianca"},"content":{"rendered":"<div class=\"col-sm-6\">\n<div class=\"field field--name-field-tech-1 field--type-entity-reference-text field--label-hidden field--items\">\n<div class=\"field--item\">\n<div>\n<div class=\"flex-1 overflow-hidden\">\n<div class=\"react-scroll-to-bottom--css-lvtmk-79elbk h-full\">\n<div class=\"react-scroll-to-bottom--css-lvtmk-1n7m0yu\">\n<div class=\"flex flex-col pb-9 text-sm\">\n<div class=\"w-full text-token-text-primary\" data-testid=\"conversation-turn-3\">\n<div class=\"px-4 py-2 justify-center text-base md:gap-6 m-auto\">\n<div class=\"flex flex-1 text-base mx-auto gap-3 md:px-5 lg:px-1 xl:px-5 md:max-w-3xl lg:max-w-[40rem] xl:max-w-[48rem] } group final-completion\">\n<div class=\"relative flex w-full flex-col lg:w-[calc(100%-115px)] agent-turn\">\n<div class=\"flex-col gap-1 md:gap-3\">\n<div class=\"flex flex-grow flex-col max-w-full\">\n<div class=\"min-h-[20px] text-message flex flex-col items-start gap-3 whitespace-pre-wrap break-words [.text-message+&amp;]:mt-5 overflow-x-auto\" data-message-author-role=\"assistant\" data-message-id=\"9d9c820e-c7ca-4e3e-a004-a208abd5cc1e\">\n<div class=\"markdown prose w-full break-words dark:prose-invert light\">\n<p>La frangia Multi \u00e8 un prodotto di lunga data che ha consolidato la sua reputazione nel corso di oltre vent&#8217;anni di eccellenza e soddisfazione da parte degli utenti. \u00c8 un componente fondamentale nel settore della pulizia, grazie alla sua eccezionale durata e alle prestazioni superiori rispetto ad altri prodotti simili sul mercato.<\/p>\n<p>Ci\u00f2 che distingue la frangia Multi \u00e8 la sua straordinaria resistenza ai ripetuti lavaggi. Questa caratteristica \u00e8 il risultato dell&#8217;utilizzo di materie prime di altissima qualit\u00e0, selezionate con cura per garantire un livello di prestazioni costante nel tempo. La frangia \u00e8 realizzata con fili ad alta tenacit\u00e0, cuciti con maestria per assicurare una struttura solida e durevole.<\/p>\n<p>Il segreto della sua elevata capacit\u00e0 di assorbimento risiede in una speciale miscela a base di viscosa, che consente di assorbire in modo efficace liquidi e sporco senza compromettere le sue prestazioni. Le alette di fissaggio, dotate di bottoni inox, assicurano un perfetto ancoraggio al telaio, consentendo un utilizzo senza inconvenienti.<\/p>\n<p>Disponibile in un design versatile, la frangia Multi \u00e8 prodotta anche con codici colore distinti. Le dimensioni di cm 46 offrono una copertura ampia e pratica. Il colore grigio\/bianco offre una scelta flessibile per le esigenze di pulizia. L&#8217;etichetta di riferimento, Falpi, ne sottolinea l&#8217;affidabilit\u00e0 e l&#8217;origine controllata.<\/p>\n<p>La composizione della frangia varia a seconda del colore: il bianco \u00e8 costituito da una miscela al 80% di poliestere e al 20% di poliammide, mentre il grigio \u00e8 realizzato in poliestere e viscosa. Questa variazione di materiali riflette la versatilit\u00e0 e l&#8217;adattabilit\u00e0 del prodotto a diverse situazioni di pulizia.<\/p>\n<p>La frangia Multi \u00e8 compatibile con vari strumenti, inclusi il telaio MULTI e la pressa MONOROLL, dimostrando la sua flessibilit\u00e0 e adattabilit\u00e0 a diverse attrezzature di pulizia professionale. La robustezza del cucirino al 100% in poliestere ad alta tenacit\u00e0 assicura che la frangia mantenga la sua struttura anche dopo lunghi cicli di utilizzo e lavaggio.<\/p>\n<p>Le istruzioni di lavaggio riportate sull&#8217;etichetta forniscono linee guida precise per garantire la massima durata nel tempo. Si consiglia di utilizzare prodotti a base di cloro solo con acqua fredda per preservare le qualit\u00e0 della frangia. La sua resistenza ai lavaggi \u00e8 eccellente, garantendo prestazioni costanti anche dopo ripetuti cicli di pulizia.<\/p>\n<p>In conclusione, la frangia Multi rappresenta l&#8217;epitome della qualit\u00e0 nel settore delle attrezzature per la pulizia professionale. La sua robustezza, capacit\u00e0 di assorbimento, versatilit\u00e0 e resistenza la rendono un punto di riferimento imprescindibile per coloro che cercano prestazioni affidabili e durature nel tempo.<\/p>\n<\/div>\n<\/div>\n<\/div>\n<\/div>\n<\/div>\n<\/div>\n<\/div>\n<\/div>\n<p>&nbsp;<\/p>\n<\/div>\n<\/div>\n<\/div>\n<\/div>\n<\/div>\n<div class=\"tt-term-label\"><a href=\"https:\/\/www.falpi.com\/it\/taxonomy\/term\/65\">Dimensioni<\/a><\/div>\n<div class=\"tt-term-value\">cm 46<\/div>\n<\/div>\n<div class=\"field--item\">\n<div class=\"tt-term-label\"><a href=\"https:\/\/www.falpi.com\/it\/taxonomy\/term\/63\">Colore<\/a><\/div>\n<div class=\"tt-term-value\">grigio\/bianco<\/div>\n<\/div>\n<div class=\"field--item\">\n<div class=\"tt-term-label\"><a href=\"https:\/\/www.falpi.com\/it\/taxonomy\/term\/26\">Etichetta di riferimento<\/a><\/div>\n<div class=\"tt-term-value\">Falpi<\/div>\n<\/div>\n<div class=\"field--item\">\n<div class=\"tt-term-label\"><a href=\"https:\/\/www.falpi.com\/it\/taxonomy\/term\/61\">Composizione della frangia<\/a><\/div>\n<div class=\"tt-term-value\">BIANCO: 80% poliestere &#8211; 20% poliammide<br \/>\nGRIGIO: poliestere &#8211; viscosa<\/div>\n<\/div>\n<div class=\"field--item\">\n<div class=\"tt-term-label\"><a href=\"https:\/\/www.falpi.com\/it\/taxonomy\/term\/34\">Utilizzabile con<\/a><\/div>\n<div class=\"tt-term-value\">telaio MULTI<br \/>\npressa MONOROLL<\/div>\n<\/div>\n<\/div>\n<\/div>\n<div class=\"col-sm-6\">\n<div class=\"field field--name-field-tech-2 field--type-entity-reference-text field--label-hidden field--items\">\n<div class=\"field--item\">\n<div class=\"tt-term-label\"><a href=\"https:\/\/www.falpi.com\/it\/taxonomy\/term\/60\">Composizione cucirino<\/a><\/div>\n<div class=\"tt-term-value\">100% poliestere alta tenacit\u00e0<\/div>\n<\/div>\n<div class=\"field--item\">\n<div class=\"tt-term-label\"><a href=\"https:\/\/www.falpi.com\/it\/taxonomy\/term\/39\">Attacco<\/a><\/div>\n<div class=\"tt-term-value\">bottoni inox<\/div>\n<\/div>\n<div class=\"field--item\">\n<div class=\"tt-term-label\"><a href=\"https:\/\/www.falpi.com\/it\/taxonomy\/term\/16\">Istruzioni di lavaggio<\/a><\/div>\n<div class=\"tt-term-value\">riportate in etichetta<br \/>\nutilizzare prodotti a base cloro solo in acqua fredda<\/div>\n<\/div>\n<div class=\"field--item\">\n<div class=\"tt-term-label\"><a href=\"https:\/\/www.falpi.com\/it\/taxonomy\/term\/18\">Resistenza ai lavaggi<\/a><\/div>\n<div class=\"tt-term-value\">eccellente<\/div>\n<\/div>\n<\/div>\n<\/div>\n","protected":false},"excerpt":{"rendered":"<div class=\"product-description\">\n<p>La frangia Multi \u00e8 prodotta da oltre vent&#8217;anni con grande soddisfazione degli utilizzatori.<\/p>\n<p>La sua insuperabile resistenza ai ripetuti lavaggi, grazie alle materie prime utilizzate, l&#8217;ha imposta sul mercato come un punto di riferimento qualitativo.<\/p>\n<p>La frangia \u00e8 cucita con fili ad alta tenacit\u00e0, ed \u00e8 composta da una speciale miscela a base di viscosa che la rende estremamente assorbente. Le alette di fissaggio, con bottoni inox, garantiscono un fissaggio perfetto al telaio.<\/p>\n<p>La frangia Multi viene fabbricata anche con codice colore.<\/p>\n<\/div>\n","protected":false},"featured_media":130,"comment_status":"open","ping_status":"closed","template":"","meta":[],"product_brand":[],"product_cat":[17,463],"product_tag":[61,62,63],"class_list":{"0":"post-1599","1":"product","2":"type-product","3":"status-publish","4":"has-post-thumbnail","6":"product_cat-attrezzature","7":"product_cat-lavaggio-pavimenti-a-piatto-tradizionale-pavimenti","8":"product_tag-frangia-lavaggio-pavimenti","9":"product_tag-frangia-multi","10":"product_tag-frangia-specialmix-microfibra","12":"first","13":"instock","14":"taxable","15":"shipping-taxable","16":"purchasable","17":"product-type-simple"},"yoast_head":"<!-- This site is optimized with the Yoast SEO plugin v26.8 - https:\/\/yoast.com\/product\/yoast-seo-wordpress\/ -->\n<title>Frangia Multi in specialmix<\/title>\n<meta name=\"description\" content=\"Frangia Multi: eccezionale resistenza, assorbimento ottimale e qualit\u00e0 affidabile per la pulizia professionale di qualsiasi pavimento\" \/>\n<meta name=\"robots\" content=\"index, follow, max-snippet:-1, max-image-preview:large, max-video-preview:-1\" \/>\n<link rel=\"canonical\" href=\"https:\/\/gipiservice.com\/index.php\/prodotto\/frangia-multi-in-specialmix-grigio-e-microfibra-bianca\/\" \/>\n<meta property=\"og:locale\" content=\"it_IT\" \/>\n<meta property=\"og:type\" content=\"article\" \/>\n<meta property=\"og:title\" content=\"Frangia Multi in specialmix\" \/>\n<meta property=\"og:description\" content=\"Frangia Multi: eccezionale resistenza, assorbimento ottimale e qualit\u00e0 affidabile per la pulizia professionale di qualsiasi pavimento\" \/>\n<meta property=\"og:url\" content=\"https:\/\/gipiservice.com\/index.php\/prodotto\/frangia-multi-in-specialmix-grigio-e-microfibra-bianca\/\" \/>\n<meta property=\"og:site_name\" content=\"Gi.Pi Service Prodotti e macchine per la pulizia professionale\" \/>\n<meta property=\"article:modified_time\" content=\"2026-01-13T10:50:05+00:00\" \/>\n<meta property=\"og:image\" content=\"https:\/\/gipiservice.com\/wp-content\/uploads\/2026\/01\/SPECIAL-MIX.jpg\" \/>\n\t<meta property=\"og:image:width\" content=\"800\" \/>\n\t<meta property=\"og:image:height\" content=\"800\" \/>\n\t<meta property=\"og:image:type\" content=\"image\/jpeg\" \/>\n<meta name=\"twitter:card\" content=\"summary_large_image\" \/>\n<meta name=\"twitter:label1\" content=\"Tempo di lettura stimato\" \/>\n\t<meta name=\"twitter:data1\" content=\"3 minuti\" \/>\n<script type=\"application\/ld+json\" class=\"yoast-schema-graph\">{\"@context\":\"https:\/\/schema.org\",\"@graph\":[{\"@type\":\"WebPage\",\"@id\":\"https:\/\/gipiservice.com\/index.php\/prodotto\/frangia-multi-in-specialmix-grigio-e-microfibra-bianca\/\",\"url\":\"https:\/\/gipiservice.com\/index.php\/prodotto\/frangia-multi-in-specialmix-grigio-e-microfibra-bianca\/\",\"name\":\"Frangia Multi in specialmix\",\"isPartOf\":{\"@id\":\"https:\/\/gipiservice.com\/#website\"},\"primaryImageOfPage\":{\"@id\":\"https:\/\/gipiservice.com\/index.php\/prodotto\/frangia-multi-in-specialmix-grigio-e-microfibra-bianca\/#primaryimage\"},\"image\":{\"@id\":\"https:\/\/gipiservice.com\/index.php\/prodotto\/frangia-multi-in-specialmix-grigio-e-microfibra-bianca\/#primaryimage\"},\"thumbnailUrl\":\"https:\/\/gipiservice.com\/wp-content\/uploads\/2026\/01\/SPECIAL-MIX.jpg\",\"datePublished\":\"2026-01-13T10:49:59+00:00\",\"dateModified\":\"2026-01-13T10:50:05+00:00\",\"description\":\"Frangia Multi: eccezionale resistenza, assorbimento ottimale e qualit\u00e0 affidabile per la pulizia professionale di qualsiasi pavimento\",\"breadcrumb\":{\"@id\":\"https:\/\/gipiservice.com\/index.php\/prodotto\/frangia-multi-in-specialmix-grigio-e-microfibra-bianca\/#breadcrumb\"},\"inLanguage\":\"it-IT\",\"potentialAction\":[{\"@type\":\"ReadAction\",\"target\":[\"https:\/\/gipiservice.com\/index.php\/prodotto\/frangia-multi-in-specialmix-grigio-e-microfibra-bianca\/\"]}]},{\"@type\":\"ImageObject\",\"inLanguage\":\"it-IT\",\"@id\":\"https:\/\/gipiservice.com\/index.php\/prodotto\/frangia-multi-in-specialmix-grigio-e-microfibra-bianca\/#primaryimage\",\"url\":\"https:\/\/gipiservice.com\/wp-content\/uploads\/2026\/01\/SPECIAL-MIX.jpg\",\"contentUrl\":\"https:\/\/gipiservice.com\/wp-content\/uploads\/2026\/01\/SPECIAL-MIX.jpg\",\"width\":800,\"height\":800},{\"@type\":\"BreadcrumbList\",\"@id\":\"https:\/\/gipiservice.com\/index.php\/prodotto\/frangia-multi-in-specialmix-grigio-e-microfibra-bianca\/#breadcrumb\",\"itemListElement\":[{\"@type\":\"ListItem\",\"position\":1,\"name\":\"Home\",\"item\":\"https:\/\/gipiservice.com\/\"},{\"@type\":\"ListItem\",\"position\":2,\"name\":\"Shop\",\"item\":\"https:\/\/gipiservice.com\/index.php\/shop\/\"},{\"@type\":\"ListItem\",\"position\":3,\"name\":\"Frangia Multi in specialmix grigio e microfibra bianca\"}]},{\"@type\":\"WebSite\",\"@id\":\"https:\/\/gipiservice.com\/#website\",\"url\":\"https:\/\/gipiservice.com\/\",\"name\":\"Gi.Pi Service Prodotti e macchine per la pulizia professionale\",\"description\":\"\",\"publisher\":{\"@id\":\"https:\/\/gipiservice.com\/#organization\"},\"potentialAction\":[{\"@type\":\"SearchAction\",\"target\":{\"@type\":\"EntryPoint\",\"urlTemplate\":\"https:\/\/gipiservice.com\/?s={search_term_string}\"},\"query-input\":{\"@type\":\"PropertyValueSpecification\",\"valueRequired\":true,\"valueName\":\"search_term_string\"}}],\"inLanguage\":\"it-IT\"},{\"@type\":\"Organization\",\"@id\":\"https:\/\/gipiservice.com\/#organization\",\"name\":\"Gi.Pi Service Prodotti e macchine per la pulizia professionale\",\"url\":\"https:\/\/gipiservice.com\/\",\"logo\":{\"@type\":\"ImageObject\",\"inLanguage\":\"it-IT\",\"@id\":\"https:\/\/gipiservice.com\/#\/schema\/logo\/image\/\",\"url\":\"https:\/\/gipiservice.com\/wp-content\/uploads\/2026\/01\/cropped-gipi-service-logo.webp\",\"contentUrl\":\"https:\/\/gipiservice.com\/wp-content\/uploads\/2026\/01\/cropped-gipi-service-logo.webp\",\"width\":183,\"height\":84,\"caption\":\"Gi.Pi Service Prodotti e macchine per la pulizia professionale\"},\"image\":{\"@id\":\"https:\/\/gipiservice.com\/#\/schema\/logo\/image\/\"}}]}<\/script>\n<!-- \/ Yoast SEO plugin. -->","yoast_head_json":{"title":"Frangia Multi in specialmix","description":"Frangia Multi: eccezionale resistenza, assorbimento ottimale e qualit\u00e0 affidabile per la pulizia professionale di qualsiasi pavimento","robots":{"index":"index","follow":"follow","max-snippet":"max-snippet:-1","max-image-preview":"max-image-preview:large","max-video-preview":"max-video-preview:-1"},"canonical":"https:\/\/gipiservice.com\/index.php\/prodotto\/frangia-multi-in-specialmix-grigio-e-microfibra-bianca\/","og_locale":"it_IT","og_type":"article","og_title":"Frangia Multi in specialmix","og_description":"Frangia Multi: eccezionale resistenza, assorbimento ottimale e qualit\u00e0 affidabile per la pulizia professionale di qualsiasi pavimento","og_url":"https:\/\/gipiservice.com\/index.php\/prodotto\/frangia-multi-in-specialmix-grigio-e-microfibra-bianca\/","og_site_name":"Gi.Pi Service Prodotti e macchine per la pulizia professionale","article_modified_time":"2026-01-13T10:50:05+00:00","og_image":[{"width":800,"height":800,"url":"https:\/\/gipiservice.com\/wp-content\/uploads\/2026\/01\/SPECIAL-MIX.jpg","type":"image\/jpeg"}],"twitter_card":"summary_large_image","twitter_misc":{"Tempo di lettura stimato":"3 minuti"},"schema":{"@context":"https:\/\/schema.org","@graph":[{"@type":"WebPage","@id":"https:\/\/gipiservice.com\/index.php\/prodotto\/frangia-multi-in-specialmix-grigio-e-microfibra-bianca\/","url":"https:\/\/gipiservice.com\/index.php\/prodotto\/frangia-multi-in-specialmix-grigio-e-microfibra-bianca\/","name":"Frangia Multi in specialmix","isPartOf":{"@id":"https:\/\/gipiservice.com\/#website"},"primaryImageOfPage":{"@id":"https:\/\/gipiservice.com\/index.php\/prodotto\/frangia-multi-in-specialmix-grigio-e-microfibra-bianca\/#primaryimage"},"image":{"@id":"https:\/\/gipiservice.com\/index.php\/prodotto\/frangia-multi-in-specialmix-grigio-e-microfibra-bianca\/#primaryimage"},"thumbnailUrl":"https:\/\/gipiservice.com\/wp-content\/uploads\/2026\/01\/SPECIAL-MIX.jpg","datePublished":"2026-01-13T10:49:59+00:00","dateModified":"2026-01-13T10:50:05+00:00","description":"Frangia Multi: eccezionale resistenza, assorbimento ottimale e qualit\u00e0 affidabile per la pulizia professionale di qualsiasi pavimento","breadcrumb":{"@id":"https:\/\/gipiservice.com\/index.php\/prodotto\/frangia-multi-in-specialmix-grigio-e-microfibra-bianca\/#breadcrumb"},"inLanguage":"it-IT","potentialAction":[{"@type":"ReadAction","target":["https:\/\/gipiservice.com\/index.php\/prodotto\/frangia-multi-in-specialmix-grigio-e-microfibra-bianca\/"]}]},{"@type":"ImageObject","inLanguage":"it-IT","@id":"https:\/\/gipiservice.com\/index.php\/prodotto\/frangia-multi-in-specialmix-grigio-e-microfibra-bianca\/#primaryimage","url":"https:\/\/gipiservice.com\/wp-content\/uploads\/2026\/01\/SPECIAL-MIX.jpg","contentUrl":"https:\/\/gipiservice.com\/wp-content\/uploads\/2026\/01\/SPECIAL-MIX.jpg","width":800,"height":800},{"@type":"BreadcrumbList","@id":"https:\/\/gipiservice.com\/index.php\/prodotto\/frangia-multi-in-specialmix-grigio-e-microfibra-bianca\/#breadcrumb","itemListElement":[{"@type":"ListItem","position":1,"name":"Home","item":"https:\/\/gipiservice.com\/"},{"@type":"ListItem","position":2,"name":"Shop","item":"https:\/\/gipiservice.com\/index.php\/shop\/"},{"@type":"ListItem","position":3,"name":"Frangia Multi in specialmix grigio e microfibra bianca"}]},{"@type":"WebSite","@id":"https:\/\/gipiservice.com\/#website","url":"https:\/\/gipiservice.com\/","name":"Gi.Pi Service Prodotti e macchine per la pulizia professionale","description":"","publisher":{"@id":"https:\/\/gipiservice.com\/#organization"},"potentialAction":[{"@type":"SearchAction","target":{"@type":"EntryPoint","urlTemplate":"https:\/\/gipiservice.com\/?s={search_term_string}"},"query-input":{"@type":"PropertyValueSpecification","valueRequired":true,"valueName":"search_term_string"}}],"inLanguage":"it-IT"},{"@type":"Organization","@id":"https:\/\/gipiservice.com\/#organization","name":"Gi.Pi Service Prodotti e macchine per la pulizia professionale","url":"https:\/\/gipiservice.com\/","logo":{"@type":"ImageObject","inLanguage":"it-IT","@id":"https:\/\/gipiservice.com\/#\/schema\/logo\/image\/","url":"https:\/\/gipiservice.com\/wp-content\/uploads\/2026\/01\/cropped-gipi-service-logo.webp","contentUrl":"https:\/\/gipiservice.com\/wp-content\/uploads\/2026\/01\/cropped-gipi-service-logo.webp","width":183,"height":84,"caption":"Gi.Pi Service Prodotti e macchine per la pulizia professionale"},"image":{"@id":"https:\/\/gipiservice.com\/#\/schema\/logo\/image\/"}}]}},"jetpack_sharing_enabled":true,"_links":{"self":[{"href":"https:\/\/gipiservice.com\/index.php\/wp-json\/wp\/v2\/product\/1599","targetHints":{"allow":["GET"]}}],"collection":[{"href":"https:\/\/gipiservice.com\/index.php\/wp-json\/wp\/v2\/product"}],"about":[{"href":"https:\/\/gipiservice.com\/index.php\/wp-json\/wp\/v2\/types\/product"}],"replies":[{"embeddable":true,"href":"https:\/\/gipiservice.com\/index.php\/wp-json\/wp\/v2\/comments?post=1599"}],"wp:featuredmedia":[{"embeddable":true,"href":"https:\/\/gipiservice.com\/index.php\/wp-json\/wp\/v2\/media\/130"}],"wp:attachment":[{"href":"https:\/\/gipiservice.com\/index.php\/wp-json\/wp\/v2\/media?parent=1599"}],"wp:term":[{"taxonomy":"product_brand","embeddable":true,"href":"https:\/\/gipiservice.com\/index.php\/wp-json\/wp\/v2\/product_brand?post=1599"},{"taxonomy":"product_cat","embeddable":true,"href":"https:\/\/gipiservice.com\/index.php\/wp-json\/wp\/v2\/product_cat?post=1599"},{"taxonomy":"product_tag","embeddable":true,"href":"https:\/\/gipiservice.com\/index.php\/wp-json\/wp\/v2\/product_tag?post=1599"}],"curies":[{"name":"wp","href":"https:\/\/api.w.org\/{rel}","templated":true}]}}