{"id":1653,"date":"2026-01-13T10:52:25","date_gmt":"2026-01-13T10:52:25","guid":{"rendered":"https:\/\/staging.gipiservice.com\/?post_type=product&#038;p=1653"},"modified":"2026-01-13T10:52:27","modified_gmt":"2026-01-13T10:52:27","slug":"segnale-pericolo-pavimento-bagnato","status":"publish","type":"product","link":"https:\/\/gipiservice.com\/index.php\/prodotto\/segnale-pericolo-pavimento-bagnato\/","title":{"rendered":"Segnale &#8220;Pericolo pavimento bagnato&#8221;"},"content":{"rendered":"<div class=\"tech-tech margin-b-05\">\n<div class=\"row\">\n<div class=\"col-sm-6\">\n<div class=\"field field--name-field-tech-2 field--type-entity-reference-text field--label-hidden field--items\">\n<div class=\"field--item\">\n<div>\n<p>Il segnale &#8220;pericolo pavimento bagnato&#8221; \u00e8 realizzato in plastica resistente di colore giallo, visibile e durevole. Questo strumento \u00e8 fondamentale per segnalare con chiarezza e immediatezza il rischio di scivolamento dovuto a pavimenti umidi o bagnati.<\/p>\n<p>La sua costruzione in plastica lo rende leggero e facile da spostare, consentendo di posizionarlo in modo strategico nelle aree interessate senza alcuna difficolt\u00e0. La vivace tonalit\u00e0 gialla garantisce una visibilit\u00e0 ottimale, attirando l&#8217;attenzione degli utenti e avvisandoli del potenziale pericolo.<\/p>\n<p>La sua resistenza agli agenti atmosferici e alla corrosione lo rende adatto sia per utilizzi interni che esterni, assicurando un&#8217;affidabile segnalazione del pericolo anche in ambienti soggetti a diverse condizioni climatiche.<\/p>\n<p>Questo segnale \u00e8 un elemento indispensabile per garantire la sicurezza degli ambienti pubblici e lavorativi, riducendo il rischio di incidenti dovuti a pavimenti scivolosi. La sua presenza offre un avvertimento visibile e immediato agli individui che frequentano l&#8217;area, contribuendo a prevenire potenziali cadute e garantendo un ambiente pi\u00f9 sicuro per tutti.<\/p>\n<\/div>\n<div class=\"tt-term-label\"><a href=\"https:\/\/www.falpi.com\/it\/taxonomy\/term\/57\">Composizione<\/a><\/div>\n<div class=\"tt-term-value\">polipropilene riciclabile<\/div>\n<\/div>\n<div class=\"field--item\">\n<div class=\"tt-term-label\"><a href=\"https:\/\/www.falpi.com\/it\/taxonomy\/term\/87\">Riciclabilit\u00e0 dei materiali <\/a><\/div>\n<div class=\"tt-term-value\">totale<\/div>\n<\/div>\n<\/div>\n<\/div>\n<\/div>\n<\/div>\n","protected":false},"excerpt":{"rendered":"<p>Segnale &#8220;pericolo pavimento bagnato&#8221; in plastica di colore giallo.<\/p>\n","protected":false},"featured_media":279,"comment_status":"open","ping_status":"closed","template":"","meta":[],"product_brand":[],"product_cat":[17],"product_tag":[103],"class_list":{"0":"post-1653","1":"product","2":"type-product","3":"status-publish","4":"has-post-thumbnail","6":"product_cat-attrezzature","7":"product_tag-segnale-pericolo-pavimento-bagnato","9":"first","10":"instock","11":"taxable","12":"shipping-taxable","13":"purchasable","14":"product-type-simple"},"yoast_head":"<!-- This site is optimized with the Yoast SEO plugin v26.8 - https:\/\/yoast.com\/product\/yoast-seo-wordpress\/ -->\n<title>Segnale &quot;Pericolo pavimento bagnato&quot;<\/title>\n<meta name=\"description\" content=\"Segnale giallo &#039;Pericolo Pavimento Bagnato&#039;: sicurezza visibile e immediata per prevenire scivolate nei luoghi pubblici ed affollati\" \/>\n<meta name=\"robots\" content=\"index, follow, max-snippet:-1, max-image-preview:large, max-video-preview:-1\" \/>\n<link rel=\"canonical\" href=\"https:\/\/gipiservice.com\/index.php\/prodotto\/segnale-pericolo-pavimento-bagnato\/\" \/>\n<meta property=\"og:locale\" content=\"it_IT\" \/>\n<meta property=\"og:type\" content=\"article\" \/>\n<meta property=\"og:title\" content=\"Segnale &quot;Pericolo pavimento bagnato&quot;\" \/>\n<meta property=\"og:description\" content=\"Segnale giallo &#039;Pericolo Pavimento Bagnato&#039;: sicurezza visibile e immediata per prevenire scivolate nei luoghi pubblici ed affollati\" \/>\n<meta property=\"og:url\" content=\"https:\/\/gipiservice.com\/index.php\/prodotto\/segnale-pericolo-pavimento-bagnato\/\" \/>\n<meta property=\"og:site_name\" content=\"Gi.Pi Service Prodotti e macchine per la pulizia professionale\" \/>\n<meta property=\"article:modified_time\" content=\"2026-01-13T10:52:27+00:00\" \/>\n<meta property=\"og:image\" content=\"https:\/\/gipiservice.com\/wp-content\/uploads\/2026\/01\/segnale-pav-bagnato.jpg\" \/>\n\t<meta property=\"og:image:width\" content=\"1500\" \/>\n\t<meta property=\"og:image:height\" content=\"1500\" \/>\n\t<meta property=\"og:image:type\" content=\"image\/jpeg\" \/>\n<meta name=\"twitter:card\" content=\"summary_large_image\" \/>\n<meta name=\"twitter:label1\" content=\"Tempo di lettura stimato\" \/>\n\t<meta name=\"twitter:data1\" content=\"1 minuto\" \/>\n<script type=\"application\/ld+json\" class=\"yoast-schema-graph\">{\"@context\":\"https:\/\/schema.org\",\"@graph\":[{\"@type\":\"WebPage\",\"@id\":\"https:\/\/gipiservice.com\/index.php\/prodotto\/segnale-pericolo-pavimento-bagnato\/\",\"url\":\"https:\/\/gipiservice.com\/index.php\/prodotto\/segnale-pericolo-pavimento-bagnato\/\",\"name\":\"Segnale \\\"Pericolo pavimento bagnato\\\"\",\"isPartOf\":{\"@id\":\"https:\/\/gipiservice.com\/#website\"},\"primaryImageOfPage\":{\"@id\":\"https:\/\/gipiservice.com\/index.php\/prodotto\/segnale-pericolo-pavimento-bagnato\/#primaryimage\"},\"image\":{\"@id\":\"https:\/\/gipiservice.com\/index.php\/prodotto\/segnale-pericolo-pavimento-bagnato\/#primaryimage\"},\"thumbnailUrl\":\"https:\/\/gipiservice.com\/wp-content\/uploads\/2026\/01\/segnale-pav-bagnato.jpg\",\"datePublished\":\"2026-01-13T10:52:25+00:00\",\"dateModified\":\"2026-01-13T10:52:27+00:00\",\"description\":\"Segnale giallo 'Pericolo Pavimento Bagnato': sicurezza visibile e immediata per prevenire scivolate nei luoghi pubblici ed affollati\",\"breadcrumb\":{\"@id\":\"https:\/\/gipiservice.com\/index.php\/prodotto\/segnale-pericolo-pavimento-bagnato\/#breadcrumb\"},\"inLanguage\":\"it-IT\",\"potentialAction\":[{\"@type\":\"ReadAction\",\"target\":[\"https:\/\/gipiservice.com\/index.php\/prodotto\/segnale-pericolo-pavimento-bagnato\/\"]}]},{\"@type\":\"ImageObject\",\"inLanguage\":\"it-IT\",\"@id\":\"https:\/\/gipiservice.com\/index.php\/prodotto\/segnale-pericolo-pavimento-bagnato\/#primaryimage\",\"url\":\"https:\/\/gipiservice.com\/wp-content\/uploads\/2026\/01\/segnale-pav-bagnato.jpg\",\"contentUrl\":\"https:\/\/gipiservice.com\/wp-content\/uploads\/2026\/01\/segnale-pav-bagnato.jpg\",\"width\":1500,\"height\":1500},{\"@type\":\"BreadcrumbList\",\"@id\":\"https:\/\/gipiservice.com\/index.php\/prodotto\/segnale-pericolo-pavimento-bagnato\/#breadcrumb\",\"itemListElement\":[{\"@type\":\"ListItem\",\"position\":1,\"name\":\"Home\",\"item\":\"https:\/\/gipiservice.com\/\"},{\"@type\":\"ListItem\",\"position\":2,\"name\":\"Shop\",\"item\":\"https:\/\/gipiservice.com\/index.php\/shop\/\"},{\"@type\":\"ListItem\",\"position\":3,\"name\":\"Segnale &#8220;Pericolo pavimento bagnato&#8221;\"}]},{\"@type\":\"WebSite\",\"@id\":\"https:\/\/gipiservice.com\/#website\",\"url\":\"https:\/\/gipiservice.com\/\",\"name\":\"Gi.Pi Service Prodotti e macchine per la pulizia professionale\",\"description\":\"\",\"publisher\":{\"@id\":\"https:\/\/gipiservice.com\/#organization\"},\"potentialAction\":[{\"@type\":\"SearchAction\",\"target\":{\"@type\":\"EntryPoint\",\"urlTemplate\":\"https:\/\/gipiservice.com\/?s={search_term_string}\"},\"query-input\":{\"@type\":\"PropertyValueSpecification\",\"valueRequired\":true,\"valueName\":\"search_term_string\"}}],\"inLanguage\":\"it-IT\"},{\"@type\":\"Organization\",\"@id\":\"https:\/\/gipiservice.com\/#organization\",\"name\":\"Gi.Pi Service Prodotti e macchine per la pulizia professionale\",\"url\":\"https:\/\/gipiservice.com\/\",\"logo\":{\"@type\":\"ImageObject\",\"inLanguage\":\"it-IT\",\"@id\":\"https:\/\/gipiservice.com\/#\/schema\/logo\/image\/\",\"url\":\"https:\/\/gipiservice.com\/wp-content\/uploads\/2026\/01\/cropped-gipi-service-logo.webp\",\"contentUrl\":\"https:\/\/gipiservice.com\/wp-content\/uploads\/2026\/01\/cropped-gipi-service-logo.webp\",\"width\":183,\"height\":84,\"caption\":\"Gi.Pi Service Prodotti e macchine per la pulizia professionale\"},\"image\":{\"@id\":\"https:\/\/gipiservice.com\/#\/schema\/logo\/image\/\"}}]}<\/script>\n<!-- \/ Yoast SEO plugin. -->","yoast_head_json":{"title":"Segnale \"Pericolo pavimento bagnato\"","description":"Segnale giallo 'Pericolo Pavimento Bagnato': sicurezza visibile e immediata per prevenire scivolate nei luoghi pubblici ed affollati","robots":{"index":"index","follow":"follow","max-snippet":"max-snippet:-1","max-image-preview":"max-image-preview:large","max-video-preview":"max-video-preview:-1"},"canonical":"https:\/\/gipiservice.com\/index.php\/prodotto\/segnale-pericolo-pavimento-bagnato\/","og_locale":"it_IT","og_type":"article","og_title":"Segnale \"Pericolo pavimento bagnato\"","og_description":"Segnale giallo 'Pericolo Pavimento Bagnato': sicurezza visibile e immediata per prevenire scivolate nei luoghi pubblici ed affollati","og_url":"https:\/\/gipiservice.com\/index.php\/prodotto\/segnale-pericolo-pavimento-bagnato\/","og_site_name":"Gi.Pi Service Prodotti e macchine per la pulizia professionale","article_modified_time":"2026-01-13T10:52:27+00:00","og_image":[{"width":1500,"height":1500,"url":"https:\/\/gipiservice.com\/wp-content\/uploads\/2026\/01\/segnale-pav-bagnato.jpg","type":"image\/jpeg"}],"twitter_card":"summary_large_image","twitter_misc":{"Tempo di lettura stimato":"1 minuto"},"schema":{"@context":"https:\/\/schema.org","@graph":[{"@type":"WebPage","@id":"https:\/\/gipiservice.com\/index.php\/prodotto\/segnale-pericolo-pavimento-bagnato\/","url":"https:\/\/gipiservice.com\/index.php\/prodotto\/segnale-pericolo-pavimento-bagnato\/","name":"Segnale \"Pericolo pavimento bagnato\"","isPartOf":{"@id":"https:\/\/gipiservice.com\/#website"},"primaryImageOfPage":{"@id":"https:\/\/gipiservice.com\/index.php\/prodotto\/segnale-pericolo-pavimento-bagnato\/#primaryimage"},"image":{"@id":"https:\/\/gipiservice.com\/index.php\/prodotto\/segnale-pericolo-pavimento-bagnato\/#primaryimage"},"thumbnailUrl":"https:\/\/gipiservice.com\/wp-content\/uploads\/2026\/01\/segnale-pav-bagnato.jpg","datePublished":"2026-01-13T10:52:25+00:00","dateModified":"2026-01-13T10:52:27+00:00","description":"Segnale giallo 'Pericolo Pavimento Bagnato': sicurezza visibile e immediata per prevenire scivolate nei luoghi pubblici ed affollati","breadcrumb":{"@id":"https:\/\/gipiservice.com\/index.php\/prodotto\/segnale-pericolo-pavimento-bagnato\/#breadcrumb"},"inLanguage":"it-IT","potentialAction":[{"@type":"ReadAction","target":["https:\/\/gipiservice.com\/index.php\/prodotto\/segnale-pericolo-pavimento-bagnato\/"]}]},{"@type":"ImageObject","inLanguage":"it-IT","@id":"https:\/\/gipiservice.com\/index.php\/prodotto\/segnale-pericolo-pavimento-bagnato\/#primaryimage","url":"https:\/\/gipiservice.com\/wp-content\/uploads\/2026\/01\/segnale-pav-bagnato.jpg","contentUrl":"https:\/\/gipiservice.com\/wp-content\/uploads\/2026\/01\/segnale-pav-bagnato.jpg","width":1500,"height":1500},{"@type":"BreadcrumbList","@id":"https:\/\/gipiservice.com\/index.php\/prodotto\/segnale-pericolo-pavimento-bagnato\/#breadcrumb","itemListElement":[{"@type":"ListItem","position":1,"name":"Home","item":"https:\/\/gipiservice.com\/"},{"@type":"ListItem","position":2,"name":"Shop","item":"https:\/\/gipiservice.com\/index.php\/shop\/"},{"@type":"ListItem","position":3,"name":"Segnale &#8220;Pericolo pavimento bagnato&#8221;"}]},{"@type":"WebSite","@id":"https:\/\/gipiservice.com\/#website","url":"https:\/\/gipiservice.com\/","name":"Gi.Pi Service Prodotti e macchine per la pulizia professionale","description":"","publisher":{"@id":"https:\/\/gipiservice.com\/#organization"},"potentialAction":[{"@type":"SearchAction","target":{"@type":"EntryPoint","urlTemplate":"https:\/\/gipiservice.com\/?s={search_term_string}"},"query-input":{"@type":"PropertyValueSpecification","valueRequired":true,"valueName":"search_term_string"}}],"inLanguage":"it-IT"},{"@type":"Organization","@id":"https:\/\/gipiservice.com\/#organization","name":"Gi.Pi Service Prodotti e macchine per la pulizia professionale","url":"https:\/\/gipiservice.com\/","logo":{"@type":"ImageObject","inLanguage":"it-IT","@id":"https:\/\/gipiservice.com\/#\/schema\/logo\/image\/","url":"https:\/\/gipiservice.com\/wp-content\/uploads\/2026\/01\/cropped-gipi-service-logo.webp","contentUrl":"https:\/\/gipiservice.com\/wp-content\/uploads\/2026\/01\/cropped-gipi-service-logo.webp","width":183,"height":84,"caption":"Gi.Pi Service Prodotti e macchine per la pulizia professionale"},"image":{"@id":"https:\/\/gipiservice.com\/#\/schema\/logo\/image\/"}}]}},"jetpack_sharing_enabled":true,"_links":{"self":[{"href":"https:\/\/gipiservice.com\/index.php\/wp-json\/wp\/v2\/product\/1653","targetHints":{"allow":["GET"]}}],"collection":[{"href":"https:\/\/gipiservice.com\/index.php\/wp-json\/wp\/v2\/product"}],"about":[{"href":"https:\/\/gipiservice.com\/index.php\/wp-json\/wp\/v2\/types\/product"}],"replies":[{"embeddable":true,"href":"https:\/\/gipiservice.com\/index.php\/wp-json\/wp\/v2\/comments?post=1653"}],"wp:featuredmedia":[{"embeddable":true,"href":"https:\/\/gipiservice.com\/index.php\/wp-json\/wp\/v2\/media\/279"}],"wp:attachment":[{"href":"https:\/\/gipiservice.com\/index.php\/wp-json\/wp\/v2\/media?parent=1653"}],"wp:term":[{"taxonomy":"product_brand","embeddable":true,"href":"https:\/\/gipiservice.com\/index.php\/wp-json\/wp\/v2\/product_brand?post=1653"},{"taxonomy":"product_cat","embeddable":true,"href":"https:\/\/gipiservice.com\/index.php\/wp-json\/wp\/v2\/product_cat?post=1653"},{"taxonomy":"product_tag","embeddable":true,"href":"https:\/\/gipiservice.com\/index.php\/wp-json\/wp\/v2\/product_tag?post=1653"}],"curies":[{"name":"wp","href":"https:\/\/api.w.org\/{rel}","templated":true}]}}